{"id":982,"date":"2018-11-27T09:17:56","date_gmt":"2018-11-27T08:17:56","guid":{"rendered":"http:\/\/lourdesmb.be\/?page_id=982"},"modified":"2026-02-22T20:36:32","modified_gmt":"2026-02-22T19:36:32","slug":"contact","status":"publish","type":"page","link":"https:\/\/lourdesmb.be\/nl\/contact\/","title":{"rendered":"Contact"},"content":{"rendered":"\t\t<div data-elementor-type=\"wp-post\" data-elementor-id=\"982\" class=\"elementor elementor-982\">\n\t\t\t\t\t\t<section class=\"elementor-section elementor-top-section elementor-element elementor-element-3906703 elementor-section-boxed elementor-section-height-default elementor-section-height-default\" data-id=\"3906703\" data-element_type=\"section\" data-e-type=\"section\" data-settings=\"{&quot;background_background&quot;:&quot;classic&quot;}\">\n\t\t\t\t\t\t\t<div class=\"elementor-background-overlay\"><\/div>\n\t\t\t\t\t\t\t<div class=\"elementor-container elementor-column-gap-default\">\n\t\t\t\t\t<div class=\"elementor-column elementor-col-100 elementor-top-column elementor-element elementor-element-24c9f1f\" data-id=\"24c9f1f\" data-element_type=\"column\" data-e-type=\"column\">\n\t\t\t<div class=\"elementor-widget-wrap elementor-element-populated\">\n\t\t\t\t\t\t<div class=\"elementor-element elementor-element-a5e247a elementor-widget elementor-widget-heading\" data-id=\"a5e247a\" data-element_type=\"widget\" data-e-type=\"widget\" data-widget_type=\"heading.default\">\n\t\t\t\t<div class=\"elementor-widget-container\">\n\t\t\t\t\t<h1 class=\"elementor-heading-title elementor-size-default\">Neem contact met ons <\/h1>\t\t\t\t<\/div>\n\t\t\t\t<\/div>\n\t\t\t\t\t<\/div>\n\t\t<\/div>\n\t\t\t\t\t<\/div>\n\t\t<\/section>\n\t\t\t\t<section class=\"elementor-section elementor-top-section elementor-element elementor-element-9f4a7dc elementor-section-boxed elementor-section-height-default elementor-section-height-default\" data-id=\"9f4a7dc\" data-element_type=\"section\" data-e-type=\"section\">\n\t\t\t\t\t\t<div class=\"elementor-container elementor-column-gap-default\">\n\t\t\t\t\t<div class=\"elementor-column elementor-col-100 elementor-top-column elementor-element elementor-element-1018e28\" data-id=\"1018e28\" data-element_type=\"column\" data-e-type=\"column\">\n\t\t\t<div class=\"elementor-widget-wrap elementor-element-populated\">\n\t\t\t\t\t\t<section class=\"elementor-section elementor-inner-section elementor-element elementor-element-8bfaa82 elementor-section-boxed elementor-section-height-default elementor-section-height-default\" data-id=\"8bfaa82\" data-element_type=\"section\" data-e-type=\"section\">\n\t\t\t\t\t\t<div class=\"elementor-container elementor-column-gap-default\">\n\t\t\t\t\t<div class=\"elementor-column elementor-col-50 elementor-inner-column elementor-element elementor-element-3b2d889\" data-id=\"3b2d889\" data-element_type=\"column\" data-e-type=\"column\">\n\t\t\t<div class=\"elementor-widget-wrap elementor-element-populated\">\n\t\t\t\t\t\t<div class=\"elementor-element elementor-element-9527362 elementor-widget elementor-widget-shortcode\" data-id=\"9527362\" data-element_type=\"widget\" data-e-type=\"widget\" data-widget_type=\"shortcode.default\">\n\t\t\t\t<div class=\"elementor-widget-container\">\n\t\t\t\t\t\t\t<div class=\"elementor-shortcode\">\n<div class=\"wpcf7 no-js\" id=\"wpcf7-f981-o1\" lang=\"fr-FR\" dir=\"ltr\" data-wpcf7-id=\"981\">\n<div class=\"screen-reader-response\"><p role=\"status\" aria-live=\"polite\" aria-atomic=\"true\"><\/p> <ul><\/ul><\/div>\n<form action=\"\/nl\/wp-json\/wp\/v2\/pages\/982#wpcf7-f981-o1\" method=\"post\" class=\"wpcf7-form init\" aria-label=\"Formulaire de contact\" novalidate=\"novalidate\" data-status=\"init\">\n<fieldset class=\"hidden-fields-container\"><input type=\"hidden\" name=\"_wpcf7\" value=\"981\" \/><input type=\"hidden\" name=\"_wpcf7_version\" value=\"6.1.5\" \/><input type=\"hidden\" name=\"_wpcf7_locale\" value=\"fr_FR\" \/><input type=\"hidden\" name=\"_wpcf7_unit_tag\" value=\"wpcf7-f981-o1\" \/><input type=\"hidden\" name=\"_wpcf7_container_post\" value=\"0\" \/><input type=\"hidden\" name=\"_wpcf7_posted_data_hash\" value=\"\" \/>\n<\/fieldset>\n<p><label> Uw naam<br \/>\n<span class=\"wpcf7-form-control-wrap\" data-name=\"your-name\"><input size=\"40\" maxlength=\"400\" class=\"wpcf7-form-control wpcf7-text wpcf7-validates-as-required\" aria-required=\"true\" aria-invalid=\"false\" value=\"\" type=\"text\" name=\"your-name\" \/><\/span> <\/label>\n<\/p>\n<p><label> Jouw email<br \/>\n<span class=\"wpcf7-form-control-wrap\" data-name=\"your-email\"><input size=\"40\" maxlength=\"400\" class=\"wpcf7-form-control wpcf7-email wpcf7-validates-as-required wpcf7-text wpcf7-validates-as-email\" aria-required=\"true\" aria-invalid=\"false\" value=\"\" type=\"email\" name=\"your-email\" \/><\/span> <\/label>\n<\/p>\n<p><label> object<br \/>\n<span class=\"wpcf7-form-control-wrap\" data-name=\"your-subject\"><input size=\"40\" maxlength=\"400\" class=\"wpcf7-form-control wpcf7-text wpcf7-validates-as-required\" aria-required=\"true\" aria-invalid=\"false\" value=\"\" type=\"text\" name=\"your-subject\" \/><\/span> <\/label>\n<\/p>\n<p><label> Uw bericht<br \/>\n<span class=\"wpcf7-form-control-wrap\" data-name=\"your-message\"><textarea cols=\"40\" rows=\"10\" maxlength=\"500\" minlength=\"20\" class=\"wpcf7-form-control wpcf7-textarea\" aria-invalid=\"false\" name=\"your-message\"><\/textarea><\/span> <\/label>\n<\/p>\n<p><span class=\"wpcf7-form-control-wrap\" data-name=\"capital-quiz\"><label><span class=\"wpcf7-quiz-label\">Welk getal is het grootst, 2 of 8?<\/span> <input size=\"40\" class=\"wpcf7-form-control wpcf7-quiz\" autocomplete=\"off\" aria-required=\"true\" aria-invalid=\"false\" type=\"text\" name=\"capital-quiz\" \/><\/label><input type=\"hidden\" name=\"_wpcf7_quiz_answer_capital-quiz\" value=\"0e5e052e4c1f6c7c4c955ae86583fe1f\" \/><\/span>\n<\/p>\n<p><span id=\"wpcf7-69d04f6f71456-wrapper\" class=\"wpcf7-form-control-wrap MBlourdes3425-wrap\" style=\"display:none !important; visibility:hidden !important;\"><label for=\"wpcf7-69d04f6f71456-field\" class=\"hp-message\">Veuillez laisser ce champ vide.<\/label><input id=\"wpcf7-69d04f6f71456-field\"  class=\"wpcf7-form-control wpcf7-text\" type=\"text\" name=\"MBlourdes3425\" value=\"\" size=\"40\" tabindex=\"-1\" autocomplete=\"new-password\" \/><\/span>\n<\/p>\n<p><input class=\"wpcf7-form-control wpcf7-submit has-spinner\" type=\"submit\" value=\"Sturen\" \/>\n<\/p><p style=\"display: none !important;\" class=\"akismet-fields-container\" data-prefix=\"_wpcf7_ak_\"><label>&#916;<textarea name=\"_wpcf7_ak_hp_textarea\" cols=\"45\" rows=\"8\" maxlength=\"100\"><\/textarea><\/label><input type=\"hidden\" id=\"ak_js_1\" name=\"_wpcf7_ak_js\" value=\"35\"\/><script>document.getElementById( \"ak_js_1\" ).setAttribute( \"value\", ( new Date() ).getTime() );<\/script><\/p><div class=\"wpcf7-response-output\" aria-hidden=\"true\"><\/div>\n<\/form>\n<\/div>\n<\/div>\n\t\t\t\t\t\t<\/div>\n\t\t\t\t<\/div>\n\t\t\t\t\t<\/div>\n\t\t<\/div>\n\t\t\t\t<div class=\"elementor-column elementor-col-50 elementor-inner-column elementor-element elementor-element-c43f1ce\" data-id=\"c43f1ce\" data-element_type=\"column\" data-e-type=\"column\">\n\t\t\t<div class=\"elementor-widget-wrap elementor-element-populated\">\n\t\t\t\t\t\t<div class=\"elementor-element elementor-element-2f463db elementor-widget elementor-widget-image\" data-id=\"2f463db\" data-element_type=\"widget\" data-e-type=\"widget\" data-widget_type=\"image.default\">\n\t\t\t\t<div class=\"elementor-widget-container\">\n\t\t\t\t\t\t\t\t\t\t\t\t\t\t\t<img fetchpriority=\"high\" decoding=\"async\" width=\"726\" height=\"1024\" src=\"https:\/\/lourdesmb.be\/wp-content\/uploads\/2026\/02\/Capture-decran-2026-02-22-a-20.35.11-726x1024.png\" class=\"attachment-large size-large wp-image-2776\" alt=\"\" srcset=\"https:\/\/lourdesmb.be\/wp-content\/uploads\/2026\/02\/Capture-decran-2026-02-22-a-20.35.11-726x1024.png 726w, https:\/\/lourdesmb.be\/wp-content\/uploads\/2026\/02\/Capture-decran-2026-02-22-a-20.35.11-213x300.png 213w, https:\/\/lourdesmb.be\/wp-content\/uploads\/2026\/02\/Capture-decran-2026-02-22-a-20.35.11-768x1083.png 768w, https:\/\/lourdesmb.be\/wp-content\/uploads\/2026\/02\/Capture-decran-2026-02-22-a-20.35.11.png 918w\" sizes=\"(max-width: 726px) 100vw, 726px\" \/>\t\t\t\t\t\t\t\t\t\t\t\t\t\t\t<\/div>\n\t\t\t\t<\/div>\n\t\t\t\t\t<\/div>\n\t\t<\/div>\n\t\t\t\t\t<\/div>\n\t\t<\/section>\n\t\t\t\t\t<\/div>\n\t\t<\/div>\n\t\t\t\t\t<\/div>\n\t\t<\/section>\n\t\t\t\t<section class=\"elementor-section elementor-top-section elementor-element elementor-element-9178b57 elementor-section-boxed elementor-section-height-default elementor-section-height-default\" data-id=\"9178b57\" data-element_type=\"section\" data-e-type=\"section\">\n\t\t\t\t\t\t<div class=\"elementor-container elementor-column-gap-default\">\n\t\t\t\t\t<div class=\"elementor-column elementor-col-100 elementor-top-column elementor-element elementor-element-74be53c\" data-id=\"74be53c\" data-element_type=\"column\" data-e-type=\"column\">\n\t\t\t<div class=\"elementor-widget-wrap elementor-element-populated\">\n\t\t\t\t\t\t<div class=\"elementor-element elementor-element-6b4d355 elementor-widget elementor-widget-text-editor\" data-id=\"6b4d355\" data-element_type=\"widget\" data-e-type=\"widget\" data-widget_type=\"text-editor.default\">\n\t\t\t\t<div class=\"elementor-widget-container\">\n\t\t\t\t\t\t\t\t\t<p>Aartsbisdom van Mechelen\u2014Brussel <br \/>Dienst Diocesane Bedevaarten Mechelen\u2014Brussel <br \/>Wollemarkt, 15 <br \/>2800 MECHELEN<\/p><p>Secretariaat open alleen op afspraak. <br \/>Telefonisch antwoordapparaat van maandag tot vrijdag. <br \/><br \/>Telefoon: 00 32 (0)15 29 26 11 <br \/>GSM: 00 32 (0)476 85 19 97 <br \/>E-mail: lourdesmb@diomb.be<\/p>\t\t\t\t\t\t\t\t<\/div>\n\t\t\t\t<\/div>\n\t\t\t\t\t<\/div>\n\t\t<\/div>\n\t\t\t\t\t<\/div>\n\t\t<\/section>\n\t\t\t\t<\/div>\n\t\t","protected":false},"excerpt":{"rendered":"<p>Neem contact met ons Aartsbisdom van Mechelen\u2014Brussel Dienst Diocesane Bedevaarten Mechelen\u2014Brussel Wollemarkt, 15 2800 MECHELEN Secretariaat open alleen op afspraak. Telefonisch antwoordapparaat van maandag tot vrijdag. Telefoon: 00 32 (0)15 29 26 11 GSM: 00 32 (0)476 85 19 97 E-mail: lourdesmb@diomb.be<\/p>\n","protected":false},"author":1,"featured_media":0,"parent":0,"menu_order":0,"comment_status":"closed","ping_status":"closed","template":"","meta":{"site-sidebar-layout":"no-sidebar","site-content-layout":"page-builder","ast-site-content-layout":"default","site-content-style":"default","site-sidebar-style":"default","ast-global-header-display":"","ast-banner-title-visibility":"","ast-main-header-display":"","ast-hfb-above-header-display":"","ast-hfb-below-header-display":"","ast-hfb-mobile-header-display":"","site-post-title":"disabled","ast-breadcrumbs-content":"","ast-featured-img":"disabled","footer-sml-layout":"","ast-disable-related-posts":"","theme-transparent-header-meta":"enabled","adv-header-id-meta":"","stick-header-meta":"","header-above-stick-meta":"","header-main-stick-meta":"","header-below-stick-meta":"","astra-migrate-meta-layouts":"default","ast-page-background-enabled":"default","ast-page-background-meta":{"desktop":{"background-color":"var(--ast-global-color-4)","background-image":"","background-repeat":"repeat","background-position":"center center","background-size":"auto","background-attachment":"scroll","background-type":"","background-media":"","overlay-type":"","overlay-color":"","overlay-opacity":"","overlay-gradient":""},"tablet":{"background-color":"","background-image":"","background-repeat":"repeat","background-position":"center center","background-size":"auto","background-attachment":"scroll","background-type":"","background-media":"","overlay-type":"","overlay-color":"","overlay-opacity":"","overlay-gradient":""},"mobile":{"background-color":"","background-image":"","background-repeat":"repeat","background-position":"center center","background-size":"auto","background-attachment":"scroll","background-type":"","background-media":"","overlay-type":"","overlay-color":"","overlay-opacity":"","overlay-gradient":""}},"ast-content-background-meta":{"desktop":{"background-color":"var(--ast-global-color-5)","background-image":"","background-repeat":"repeat","background-position":"center center","background-size":"auto","background-attachment":"scroll","background-type":"","background-media":"","overlay-type":"","overlay-color":"","overlay-opacity":"","overlay-gradient":""},"tablet":{"background-color":"var(--ast-global-color-5)","background-image":"","background-repeat":"repeat","background-position":"center center","background-size":"auto","background-attachment":"scroll","background-type":"","background-media":"","overlay-type":"","overlay-color":"","overlay-opacity":"","overlay-gradient":""},"mobile":{"background-color":"var(--ast-global-color-5)","background-image":"","background-repeat":"repeat","background-position":"center center","background-size":"auto","background-attachment":"scroll","background-type":"","background-media":"","overlay-type":"","overlay-color":"","overlay-opacity":"","overlay-gradient":""}},"ngg_post_thumbnail":0,"footnotes":""},"class_list":["post-982","page","type-page","status-publish","hentry"],"yoast_head":"<!-- This site is optimized with the Yoast SEO plugin v27.3 - https:\/\/yoast.com\/product\/yoast-seo-wordpress\/ -->\n<title>Contact - P\u00e8lerinage de Lourdes<\/title>\n<meta name=\"robots\" content=\"index, follow, max-snippet:-1, max-image-preview:large, max-video-preview:-1\" \/>\n<link rel=\"canonical\" href=\"https:\/\/lourdesmb.be\/nl\/contact\/\" \/>\n<meta property=\"og:locale\" content=\"nl_NL\" \/>\n<meta property=\"og:type\" content=\"article\" \/>\n<meta property=\"og:title\" content=\"Contact - P\u00e8lerinage de Lourdes\" \/>\n<meta property=\"og:description\" content=\"Neem contact met ons Aartsbisdom van Mechelen\u2014Brussel Dienst Diocesane Bedevaarten Mechelen\u2014Brussel Wollemarkt, 15 2800 MECHELEN Secretariaat open alleen op afspraak. Telefonisch antwoordapparaat van maandag tot vrijdag. Telefoon: 00 32 (0)15 29 26 11 GSM: 00 32 (0)476 85 19 97 E-mail: lourdesmb@diomb.be\" \/>\n<meta property=\"og:url\" content=\"https:\/\/lourdesmb.be\/nl\/contact\/\" \/>\n<meta property=\"og:site_name\" content=\"P\u00e8lerinage de Lourdes\" \/>\n<meta property=\"article:modified_time\" content=\"2026-02-22T19:36:32+00:00\" \/>\n<meta property=\"og:image\" content=\"https:\/\/lourdesmb.be\/wp-content\/uploads\/2026\/02\/Capture-decran-2026-02-22-a-20.35.11-726x1024.png\" \/>\n<meta name=\"twitter:card\" content=\"summary_large_image\" \/>\n<meta name=\"twitter:label1\" content=\"Geschatte leestijd\" \/>\n\t<meta name=\"twitter:data1\" content=\"1 minuut\" \/>\n<script type=\"application\/ld+json\" class=\"yoast-schema-graph\">{\"@context\":\"https:\\\/\\\/schema.org\",\"@graph\":[{\"@type\":\"WebPage\",\"@id\":\"https:\\\/\\\/lourdesmb.be\\\/nl\\\/contact\\\/\",\"url\":\"https:\\\/\\\/lourdesmb.be\\\/nl\\\/contact\\\/\",\"name\":\"Contact - P\u00e8lerinage de Lourdes\",\"isPartOf\":{\"@id\":\"https:\\\/\\\/lourdesmb.be\\\/nl\\\/#website\"},\"primaryImageOfPage\":{\"@id\":\"https:\\\/\\\/lourdesmb.be\\\/nl\\\/contact\\\/#primaryimage\"},\"image\":{\"@id\":\"https:\\\/\\\/lourdesmb.be\\\/nl\\\/contact\\\/#primaryimage\"},\"thumbnailUrl\":\"https:\\\/\\\/lourdesmb.be\\\/wp-content\\\/uploads\\\/2026\\\/02\\\/Capture-decran-2026-02-22-a-20.35.11-726x1024.png\",\"datePublished\":\"2018-11-27T08:17:56+00:00\",\"dateModified\":\"2026-02-22T19:36:32+00:00\",\"breadcrumb\":{\"@id\":\"https:\\\/\\\/lourdesmb.be\\\/nl\\\/contact\\\/#breadcrumb\"},\"inLanguage\":\"nl-NL\",\"potentialAction\":[{\"@type\":\"ReadAction\",\"target\":[\"https:\\\/\\\/lourdesmb.be\\\/nl\\\/contact\\\/\"]}]},{\"@type\":\"ImageObject\",\"inLanguage\":\"nl-NL\",\"@id\":\"https:\\\/\\\/lourdesmb.be\\\/nl\\\/contact\\\/#primaryimage\",\"url\":\"https:\\\/\\\/lourdesmb.be\\\/wp-content\\\/uploads\\\/2026\\\/02\\\/Capture-decran-2026-02-22-a-20.35.11-726x1024.png\",\"contentUrl\":\"https:\\\/\\\/lourdesmb.be\\\/wp-content\\\/uploads\\\/2026\\\/02\\\/Capture-decran-2026-02-22-a-20.35.11-726x1024.png\"},{\"@type\":\"BreadcrumbList\",\"@id\":\"https:\\\/\\\/lourdesmb.be\\\/nl\\\/contact\\\/#breadcrumb\",\"itemListElement\":[{\"@type\":\"ListItem\",\"position\":1,\"name\":\"Accueil\",\"item\":\"https:\\\/\\\/lourdesmb.be\\\/nl\\\/\"},{\"@type\":\"ListItem\",\"position\":2,\"name\":\"Contact\"}]},{\"@type\":\"WebSite\",\"@id\":\"https:\\\/\\\/lourdesmb.be\\\/nl\\\/#website\",\"url\":\"https:\\\/\\\/lourdesmb.be\\\/nl\\\/\",\"name\":\"P\u00e8lerinage de Lourdes\",\"description\":\"R\u00e9alisez votre v\u0153u, votre souhait d\u2019aller \u00e0 Lourdes en p\u00e8lerinage\",\"publisher\":{\"@id\":\"https:\\\/\\\/lourdesmb.be\\\/nl\\\/#organization\"},\"potentialAction\":[{\"@type\":\"SearchAction\",\"target\":{\"@type\":\"EntryPoint\",\"urlTemplate\":\"https:\\\/\\\/lourdesmb.be\\\/nl\\\/?s={search_term_string}\"},\"query-input\":{\"@type\":\"PropertyValueSpecification\",\"valueRequired\":true,\"valueName\":\"search_term_string\"}}],\"inLanguage\":\"nl-NL\"},{\"@type\":\"Organization\",\"@id\":\"https:\\\/\\\/lourdesmb.be\\\/nl\\\/#organization\",\"name\":\"P\u00e8lerinage de Lourdes\",\"url\":\"https:\\\/\\\/lourdesmb.be\\\/nl\\\/\",\"logo\":{\"@type\":\"ImageObject\",\"inLanguage\":\"nl-NL\",\"@id\":\"https:\\\/\\\/lourdesmb.be\\\/nl\\\/#\\\/schema\\\/logo\\\/image\\\/\",\"url\":\"https:\\\/\\\/lourdesmb.be\\\/wp-content\\\/uploads\\\/2022\\\/08\\\/logo_.png\",\"contentUrl\":\"https:\\\/\\\/lourdesmb.be\\\/wp-content\\\/uploads\\\/2022\\\/08\\\/logo_.png\",\"width\":100,\"height\":99,\"caption\":\"P\u00e8lerinage de Lourdes\"},\"image\":{\"@id\":\"https:\\\/\\\/lourdesmb.be\\\/nl\\\/#\\\/schema\\\/logo\\\/image\\\/\"}}]}<\/script>\n<!-- \/ Yoast SEO plugin. -->","yoast_head_json":{"title":"Contact - P\u00e8lerinage de Lourdes","robots":{"index":"index","follow":"follow","max-snippet":"max-snippet:-1","max-image-preview":"max-image-preview:large","max-video-preview":"max-video-preview:-1"},"canonical":"https:\/\/lourdesmb.be\/nl\/contact\/","og_locale":"nl_NL","og_type":"article","og_title":"Contact - P\u00e8lerinage de Lourdes","og_description":"Neem contact met ons Aartsbisdom van Mechelen\u2014Brussel Dienst Diocesane Bedevaarten Mechelen\u2014Brussel Wollemarkt, 15 2800 MECHELEN Secretariaat open alleen op afspraak. Telefonisch antwoordapparaat van maandag tot vrijdag. Telefoon: 00 32 (0)15 29 26 11 GSM: 00 32 (0)476 85 19 97 E-mail: lourdesmb@diomb.be","og_url":"https:\/\/lourdesmb.be\/nl\/contact\/","og_site_name":"P\u00e8lerinage de Lourdes","article_modified_time":"2026-02-22T19:36:32+00:00","og_image":[{"url":"https:\/\/lourdesmb.be\/wp-content\/uploads\/2026\/02\/Capture-decran-2026-02-22-a-20.35.11-726x1024.png","type":"","width":"","height":""}],"twitter_card":"summary_large_image","twitter_misc":{"Geschatte leestijd":"1 minuut"},"schema":{"@context":"https:\/\/schema.org","@graph":[{"@type":"WebPage","@id":"https:\/\/lourdesmb.be\/nl\/contact\/","url":"https:\/\/lourdesmb.be\/nl\/contact\/","name":"Contact - P\u00e8lerinage de Lourdes","isPartOf":{"@id":"https:\/\/lourdesmb.be\/nl\/#website"},"primaryImageOfPage":{"@id":"https:\/\/lourdesmb.be\/nl\/contact\/#primaryimage"},"image":{"@id":"https:\/\/lourdesmb.be\/nl\/contact\/#primaryimage"},"thumbnailUrl":"https:\/\/lourdesmb.be\/wp-content\/uploads\/2026\/02\/Capture-decran-2026-02-22-a-20.35.11-726x1024.png","datePublished":"2018-11-27T08:17:56+00:00","dateModified":"2026-02-22T19:36:32+00:00","breadcrumb":{"@id":"https:\/\/lourdesmb.be\/nl\/contact\/#breadcrumb"},"inLanguage":"nl-NL","potentialAction":[{"@type":"ReadAction","target":["https:\/\/lourdesmb.be\/nl\/contact\/"]}]},{"@type":"ImageObject","inLanguage":"nl-NL","@id":"https:\/\/lourdesmb.be\/nl\/contact\/#primaryimage","url":"https:\/\/lourdesmb.be\/wp-content\/uploads\/2026\/02\/Capture-decran-2026-02-22-a-20.35.11-726x1024.png","contentUrl":"https:\/\/lourdesmb.be\/wp-content\/uploads\/2026\/02\/Capture-decran-2026-02-22-a-20.35.11-726x1024.png"},{"@type":"BreadcrumbList","@id":"https:\/\/lourdesmb.be\/nl\/contact\/#breadcrumb","itemListElement":[{"@type":"ListItem","position":1,"name":"Accueil","item":"https:\/\/lourdesmb.be\/nl\/"},{"@type":"ListItem","position":2,"name":"Contact"}]},{"@type":"WebSite","@id":"https:\/\/lourdesmb.be\/nl\/#website","url":"https:\/\/lourdesmb.be\/nl\/","name":"P\u00e8lerinage de Lourdes","description":"R\u00e9alisez votre v\u0153u, votre souhait d\u2019aller \u00e0 Lourdes en p\u00e8lerinage","publisher":{"@id":"https:\/\/lourdesmb.be\/nl\/#organization"},"potentialAction":[{"@type":"SearchAction","target":{"@type":"EntryPoint","urlTemplate":"https:\/\/lourdesmb.be\/nl\/?s={search_term_string}"},"query-input":{"@type":"PropertyValueSpecification","valueRequired":true,"valueName":"search_term_string"}}],"inLanguage":"nl-NL"},{"@type":"Organization","@id":"https:\/\/lourdesmb.be\/nl\/#organization","name":"P\u00e8lerinage de Lourdes","url":"https:\/\/lourdesmb.be\/nl\/","logo":{"@type":"ImageObject","inLanguage":"nl-NL","@id":"https:\/\/lourdesmb.be\/nl\/#\/schema\/logo\/image\/","url":"https:\/\/lourdesmb.be\/wp-content\/uploads\/2022\/08\/logo_.png","contentUrl":"https:\/\/lourdesmb.be\/wp-content\/uploads\/2022\/08\/logo_.png","width":100,"height":99,"caption":"P\u00e8lerinage de Lourdes"},"image":{"@id":"https:\/\/lourdesmb.be\/nl\/#\/schema\/logo\/image\/"}}]}},"_links":{"self":[{"href":"https:\/\/lourdesmb.be\/nl\/wp-json\/wp\/v2\/pages\/982","targetHints":{"allow":["GET"]}}],"collection":[{"href":"https:\/\/lourdesmb.be\/nl\/wp-json\/wp\/v2\/pages"}],"about":[{"href":"https:\/\/lourdesmb.be\/nl\/wp-json\/wp\/v2\/types\/page"}],"author":[{"embeddable":true,"href":"https:\/\/lourdesmb.be\/nl\/wp-json\/wp\/v2\/users\/1"}],"replies":[{"embeddable":true,"href":"https:\/\/lourdesmb.be\/nl\/wp-json\/wp\/v2\/comments?post=982"}],"version-history":[{"count":37,"href":"https:\/\/lourdesmb.be\/nl\/wp-json\/wp\/v2\/pages\/982\/revisions"}],"predecessor-version":[{"id":2780,"href":"https:\/\/lourdesmb.be\/nl\/wp-json\/wp\/v2\/pages\/982\/revisions\/2780"}],"wp:attachment":[{"href":"https:\/\/lourdesmb.be\/nl\/wp-json\/wp\/v2\/media?parent=982"}],"curies":[{"name":"wp","href":"https:\/\/api.w.org\/{rel}","templated":true}]}}