{"id":971,"date":"2022-07-12T21:02:20","date_gmt":"2022-07-12T19:02:20","guid":{"rendered":"http:\/\/lourdesmb.be\/?page_id=971"},"modified":"2025-04-27T20:24:54","modified_gmt":"2025-04-27T18:24:54","slug":"geschiedenis","status":"publish","type":"page","link":"https:\/\/lourdesmb.be\/nl\/geschiedenis\/","title":{"rendered":"Geschiedenis"},"content":{"rendered":"\t\t<div data-elementor-type=\"wp-post\" data-elementor-id=\"971\" class=\"elementor elementor-971\">\n\t\t\t\t\t\t<section class=\"elementor-section elementor-top-section elementor-element elementor-element-98dc65c elementor-section-boxed elementor-section-height-default elementor-section-height-default\" data-id=\"98dc65c\" data-element_type=\"section\" data-e-type=\"section\" data-settings=\"{&quot;background_background&quot;:&quot;classic&quot;}\">\n\t\t\t\t\t\t\t<div class=\"elementor-background-overlay\"><\/div>\n\t\t\t\t\t\t\t<div class=\"elementor-container elementor-column-gap-default\">\n\t\t\t\t\t<div class=\"elementor-column elementor-col-100 elementor-top-column elementor-element elementor-element-ccbc69a\" data-id=\"ccbc69a\" data-element_type=\"column\" data-e-type=\"column\">\n\t\t\t<div class=\"elementor-widget-wrap elementor-element-populated\">\n\t\t\t\t\t\t<div class=\"elementor-element elementor-element-8b05616 elementor-widget elementor-widget-heading\" data-id=\"8b05616\" data-element_type=\"widget\" data-e-type=\"widget\" data-widget_type=\"heading.default\">\n\t\t\t\t<div class=\"elementor-widget-container\">\n\t\t\t\t\t<h2 class=\"elementor-heading-title elementor-size-default\">Een stukje geschiedenis<\/h2>\t\t\t\t<\/div>\n\t\t\t\t<\/div>\n\t\t\t\t\t<\/div>\n\t\t<\/div>\n\t\t\t\t\t<\/div>\n\t\t<\/section>\n\t\t\t\t<section class=\"elementor-section elementor-top-section elementor-element elementor-element-a0052ae elementor-section-boxed elementor-section-height-default elementor-section-height-default\" data-id=\"a0052ae\" data-element_type=\"section\" data-e-type=\"section\">\n\t\t\t\t\t\t<div class=\"elementor-container elementor-column-gap-default\">\n\t\t\t\t\t<div class=\"elementor-column elementor-col-50 elementor-top-column elementor-element elementor-element-0e81fae\" data-id=\"0e81fae\" data-element_type=\"column\" data-e-type=\"column\">\n\t\t\t<div class=\"elementor-widget-wrap elementor-element-populated\">\n\t\t\t\t\t\t<div class=\"elementor-element elementor-element-23e56d3 elementor-widget elementor-widget-text-editor\" data-id=\"23e56d3\" data-element_type=\"widget\" data-e-type=\"widget\" data-widget_type=\"text-editor.default\">\n\t\t\t\t<div class=\"elementor-widget-container\">\n\t\t\t\t\t\t\t\t\t<p>In 1913 ontstaat er een nieuwe parochie in de wijk van het Pannenhuis, op de grens tussen Jette en Laken. Zij telde toen 6.000 zielen. Kardinaal Mercier gaf priester <b>Michel Swalus<\/b> de opdracht een kerk te bouwen &#8211; Leopold I-laan-, die toegewijd werd aan <b>O.L.V. van Lourdes<\/b>. Midden in de eerste wereldoorlog, op Paasmaandag 1915, brengen de Paters Recolletten 4.000 bedevaarders naar de parochie, die O.L.V. van Lourdes komen aanroepen voor onze soldaten.&nbsp;<br>Priester Swalus wist niet waar hij al die mensen moest onderbrengen en bracht ze samen op een braakliggend stuk grond naast de kerk. Dit was de oorsprong van de bouw van <b>de Grot<\/b>, waar het volk en de gelovigen zouden kunnen komen bidden: talrijke ex voto\u2019s getuigen van de geestdrift van deze vroomheid. Op 15 augustus gaat Kardinaal Mercier over tot de inhuldiging&nbsp;<br>van dit nieuwe bedevaartsoord, waarbij hij de wens uitdrukt dat er na de oorlog in Jette een basiliek opgericht zou worden ter ere van de Onbevlekte Maagd.&nbsp;<span style=\"color: var( --e-global-color-text ); font-family: var( --e-global-typography-text-font-family ), Sans-serif; font-size: 1rem; background-color: var(--ast-global-color-5);\">Deze grot, die gebouwd is naar het voorbeeld van die van Lourdes, bevat een altaar in roze en witte marmer die de Belgische wapenschilden en de initialen van Albert en Elisabeth draagt. Bovenaan bevindt zich het 6 meter hoge kruis van Calvarie, waarop een bronzen Christusbeeld van 2,5 m prijkt, dat het werk is van Marcel Rau, winnaar van de prijs van Rome. Enkele jaren later werden de rozenkrans en de kruisweg opgericht.&nbsp;<\/span><\/p><br>\t\t\t\t\t\t\t\t<\/div>\n\t\t\t\t<\/div>\n\t\t\t\t\t<\/div>\n\t\t<\/div>\n\t\t\t\t<div class=\"elementor-column elementor-col-50 elementor-top-column elementor-element elementor-element-10879a1\" data-id=\"10879a1\" data-element_type=\"column\" data-e-type=\"column\">\n\t\t\t<div class=\"elementor-widget-wrap elementor-element-populated\">\n\t\t\t\t\t\t<div class=\"elementor-element elementor-element-865ccab elementor-widget elementor-widget-text-editor\" data-id=\"865ccab\" data-element_type=\"widget\" data-e-type=\"widget\" data-widget_type=\"text-editor.default\">\n\t\t\t\t<div class=\"elementor-widget-container\">\n\t\t\t\t\t\t\t\t\t<p>Priester Swalus, die sinds 1919 directeur was van de Lourdesbedevaarten, ging er tweemaal per jaar naartoe tot aan het einde van zijn leven. In juni 1943 wordt de fakkel doorgegeven aan priester <b>Jozef KUYL<\/b>, die de kerk O.L.V. van Lourdes laat bouwen op de Charles Woestelaan, ingehuldigd door Mgr Suenens in 1954. Het is een plechtstatig gebouw, maar niet de indrukwekkende basiliek die kardinaal Mercier voor ogen had. Hij gaf ook een nieuwe impuls aan de \u201cNationale Bedevaart van Brussel\u201d, die elk jaar met O.L.V. ten Hemelopneming treinen met zieken naar Lourdes stuurde, en werd kapelaan van de heiligdommen.\u00a0<br \/>Dit werk werd overgenomen door het bisdom. In 1964 richt kardinaal Suenens de \u201cDiocesane Bedevaart van Mechelen op en benoemt de nieuwe directeur, k<b>anunnik Janssens<\/b>. De burelen worden overgebracht naar de basiliek van Koekelberg.\u00a0<br \/>Op verzoek van het bisdom, maakt de diocesane bedevaart van Mechelen-Brussel wezenlijk deel uit van het aartsbisdom Mechelen<\/p>\t\t\t\t\t\t\t\t<\/div>\n\t\t\t\t<\/div>\n\t\t\t\t\t<\/div>\n\t\t<\/div>\n\t\t\t\t\t<\/div>\n\t\t<\/section>\n\t\t\t\t<\/div>\n\t\t","protected":false},"excerpt":{"rendered":"<p>Een stukje geschiedenis In 1913 ontstaat er een nieuwe parochie in de wijk van het Pannenhuis, op de grens tussen Jette en Laken. Zij telde toen 6.000 zielen. Kardinaal Mercier gaf priester Michel Swalus de opdracht een kerk te bouwen &#8211; Leopold I-laan-, die toegewijd werd aan O.L.V. van Lourdes. Midden in de eerste wereldoorlog, [&hellip;]<\/p>\n","protected":false},"author":1,"featured_media":0,"parent":0,"menu_order":0,"comment_status":"closed","ping_status":"closed","template":"elementor_theme","meta":{"site-sidebar-layout":"no-sidebar","site-content-layout":"page-builder","ast-site-content-layout":"default","site-content-style":"default","site-sidebar-style":"default","ast-global-header-display":"","ast-banner-title-visibility":"","ast-main-header-display":"","ast-hfb-above-header-display":"","ast-hfb-below-header-display":"","ast-hfb-mobile-header-display":"","site-post-title":"disabled","ast-breadcrumbs-content":"","ast-featured-img":"disabled","footer-sml-layout":"","ast-disable-related-posts":"","theme-transparent-header-meta":"enabled","adv-header-id-meta":"","stick-header-meta":"","header-above-stick-meta":"","header-main-stick-meta":"","header-below-stick-meta":"","astra-migrate-meta-layouts":"set","ast-page-background-enabled":"default","ast-page-background-meta":{"desktop":{"background-color":"var(--ast-global-color-4)","background-image":"","background-repeat":"repeat","background-position":"center center","background-size":"auto","background-attachment":"scroll","background-type":"","background-media":"","overlay-type":"","overlay-color":"","overlay-opacity":"","overlay-gradient":""},"tablet":{"background-color":"","background-image":"","background-repeat":"repeat","background-position":"center center","background-size":"auto","background-attachment":"scroll","background-type":"","background-media":"","overlay-type":"","overlay-color":"","overlay-opacity":"","overlay-gradient":""},"mobile":{"background-color":"","background-image":"","background-repeat":"repeat","background-position":"center center","background-size":"auto","background-attachment":"scroll","background-type":"","background-media":"","overlay-type":"","overlay-color":"","overlay-opacity":"","overlay-gradient":""}},"ast-content-background-meta":{"desktop":{"background-color":"var(--ast-global-color-5)","background-image":"","background-repeat":"repeat","background-position":"center center","background-size":"auto","background-attachment":"scroll","background-type":"","background-media":"","overlay-type":"","overlay-color":"","overlay-opacity":"","overlay-gradient":""},"tablet":{"background-color":"var(--ast-global-color-5)","background-image":"","background-repeat":"repeat","background-position":"center center","background-size":"auto","background-attachment":"scroll","background-type":"","background-media":"","overlay-type":"","overlay-color":"","overlay-opacity":"","overlay-gradient":""},"mobile":{"background-color":"var(--ast-global-color-5)","background-image":"","background-repeat":"repeat","background-position":"center center","background-size":"auto","background-attachment":"scroll","background-type":"","background-media":"","overlay-type":"","overlay-color":"","overlay-opacity":"","overlay-gradient":""}},"ngg_post_thumbnail":0,"footnotes":""},"class_list":["post-971","page","type-page","status-publish","hentry"],"yoast_head":"<!-- This site is optimized with the Yoast SEO plugin v27.4 - https:\/\/yoast.com\/product\/yoast-seo-wordpress\/ -->\n<title>Geschiedenis - P\u00e8lerinage de Lourdes<\/title>\n<meta name=\"robots\" content=\"index, follow, max-snippet:-1, max-image-preview:large, max-video-preview:-1\" \/>\n<link rel=\"canonical\" href=\"https:\/\/lourdesmb.be\/nl\/geschiedenis\/\" \/>\n<meta property=\"og:locale\" content=\"nl_NL\" \/>\n<meta property=\"og:type\" content=\"article\" \/>\n<meta property=\"og:title\" content=\"Geschiedenis - P\u00e8lerinage de Lourdes\" \/>\n<meta property=\"og:description\" content=\"Een stukje geschiedenis In 1913 ontstaat er een nieuwe parochie in de wijk van het Pannenhuis, op de grens tussen Jette en Laken. Zij telde toen 6.000 zielen. Kardinaal Mercier gaf priester Michel Swalus de opdracht een kerk te bouwen &#8211; Leopold I-laan-, die toegewijd werd aan O.L.V. van Lourdes. Midden in de eerste wereldoorlog, [&hellip;]\" \/>\n<meta property=\"og:url\" content=\"https:\/\/lourdesmb.be\/nl\/geschiedenis\/\" \/>\n<meta property=\"og:site_name\" content=\"P\u00e8lerinage de Lourdes\" \/>\n<meta property=\"article:modified_time\" content=\"2025-04-27T18:24:54+00:00\" \/>\n<meta name=\"twitter:card\" content=\"summary_large_image\" \/>\n<meta name=\"twitter:label1\" content=\"Geschatte leestijd\" \/>\n\t<meta name=\"twitter:data1\" content=\"2 minuten\" \/>\n<script type=\"application\/ld+json\" class=\"yoast-schema-graph\">{\"@context\":\"https:\\\/\\\/schema.org\",\"@graph\":[{\"@type\":\"WebPage\",\"@id\":\"https:\\\/\\\/lourdesmb.be\\\/nl\\\/geschiedenis\\\/\",\"url\":\"https:\\\/\\\/lourdesmb.be\\\/nl\\\/geschiedenis\\\/\",\"name\":\"Geschiedenis - P\u00e8lerinage de Lourdes\",\"isPartOf\":{\"@id\":\"https:\\\/\\\/lourdesmb.be\\\/nl\\\/#website\"},\"datePublished\":\"2022-07-12T19:02:20+00:00\",\"dateModified\":\"2025-04-27T18:24:54+00:00\",\"breadcrumb\":{\"@id\":\"https:\\\/\\\/lourdesmb.be\\\/nl\\\/geschiedenis\\\/#breadcrumb\"},\"inLanguage\":\"nl-NL\",\"potentialAction\":[{\"@type\":\"ReadAction\",\"target\":[\"https:\\\/\\\/lourdesmb.be\\\/nl\\\/geschiedenis\\\/\"]}]},{\"@type\":\"BreadcrumbList\",\"@id\":\"https:\\\/\\\/lourdesmb.be\\\/nl\\\/geschiedenis\\\/#breadcrumb\",\"itemListElement\":[{\"@type\":\"ListItem\",\"position\":1,\"name\":\"Accueil\",\"item\":\"https:\\\/\\\/lourdesmb.be\\\/nl\\\/\"},{\"@type\":\"ListItem\",\"position\":2,\"name\":\"Geschiedenis\"}]},{\"@type\":\"WebSite\",\"@id\":\"https:\\\/\\\/lourdesmb.be\\\/nl\\\/#website\",\"url\":\"https:\\\/\\\/lourdesmb.be\\\/nl\\\/\",\"name\":\"P\u00e8lerinage de Lourdes\",\"description\":\"R\u00e9alisez votre v\u0153u, votre souhait d\u2019aller \u00e0 Lourdes en p\u00e8lerinage\",\"publisher\":{\"@id\":\"https:\\\/\\\/lourdesmb.be\\\/nl\\\/#organization\"},\"potentialAction\":[{\"@type\":\"SearchAction\",\"target\":{\"@type\":\"EntryPoint\",\"urlTemplate\":\"https:\\\/\\\/lourdesmb.be\\\/nl\\\/?s={search_term_string}\"},\"query-input\":{\"@type\":\"PropertyValueSpecification\",\"valueRequired\":true,\"valueName\":\"search_term_string\"}}],\"inLanguage\":\"nl-NL\"},{\"@type\":\"Organization\",\"@id\":\"https:\\\/\\\/lourdesmb.be\\\/nl\\\/#organization\",\"name\":\"P\u00e8lerinage de Lourdes\",\"url\":\"https:\\\/\\\/lourdesmb.be\\\/nl\\\/\",\"logo\":{\"@type\":\"ImageObject\",\"inLanguage\":\"nl-NL\",\"@id\":\"https:\\\/\\\/lourdesmb.be\\\/nl\\\/#\\\/schema\\\/logo\\\/image\\\/\",\"url\":\"https:\\\/\\\/lourdesmb.be\\\/wp-content\\\/uploads\\\/2022\\\/08\\\/logo_.png\",\"contentUrl\":\"https:\\\/\\\/lourdesmb.be\\\/wp-content\\\/uploads\\\/2022\\\/08\\\/logo_.png\",\"width\":100,\"height\":99,\"caption\":\"P\u00e8lerinage de Lourdes\"},\"image\":{\"@id\":\"https:\\\/\\\/lourdesmb.be\\\/nl\\\/#\\\/schema\\\/logo\\\/image\\\/\"}}]}<\/script>\n<!-- \/ Yoast SEO plugin. -->","yoast_head_json":{"title":"Geschiedenis - P\u00e8lerinage de Lourdes","robots":{"index":"index","follow":"follow","max-snippet":"max-snippet:-1","max-image-preview":"max-image-preview:large","max-video-preview":"max-video-preview:-1"},"canonical":"https:\/\/lourdesmb.be\/nl\/geschiedenis\/","og_locale":"nl_NL","og_type":"article","og_title":"Geschiedenis - P\u00e8lerinage de Lourdes","og_description":"Een stukje geschiedenis In 1913 ontstaat er een nieuwe parochie in de wijk van het Pannenhuis, op de grens tussen Jette en Laken. Zij telde toen 6.000 zielen. Kardinaal Mercier gaf priester Michel Swalus de opdracht een kerk te bouwen &#8211; Leopold I-laan-, die toegewijd werd aan O.L.V. van Lourdes. Midden in de eerste wereldoorlog, [&hellip;]","og_url":"https:\/\/lourdesmb.be\/nl\/geschiedenis\/","og_site_name":"P\u00e8lerinage de Lourdes","article_modified_time":"2025-04-27T18:24:54+00:00","twitter_card":"summary_large_image","twitter_misc":{"Geschatte leestijd":"2 minuten"},"schema":{"@context":"https:\/\/schema.org","@graph":[{"@type":"WebPage","@id":"https:\/\/lourdesmb.be\/nl\/geschiedenis\/","url":"https:\/\/lourdesmb.be\/nl\/geschiedenis\/","name":"Geschiedenis - P\u00e8lerinage de Lourdes","isPartOf":{"@id":"https:\/\/lourdesmb.be\/nl\/#website"},"datePublished":"2022-07-12T19:02:20+00:00","dateModified":"2025-04-27T18:24:54+00:00","breadcrumb":{"@id":"https:\/\/lourdesmb.be\/nl\/geschiedenis\/#breadcrumb"},"inLanguage":"nl-NL","potentialAction":[{"@type":"ReadAction","target":["https:\/\/lourdesmb.be\/nl\/geschiedenis\/"]}]},{"@type":"BreadcrumbList","@id":"https:\/\/lourdesmb.be\/nl\/geschiedenis\/#breadcrumb","itemListElement":[{"@type":"ListItem","position":1,"name":"Accueil","item":"https:\/\/lourdesmb.be\/nl\/"},{"@type":"ListItem","position":2,"name":"Geschiedenis"}]},{"@type":"WebSite","@id":"https:\/\/lourdesmb.be\/nl\/#website","url":"https:\/\/lourdesmb.be\/nl\/","name":"P\u00e8lerinage de Lourdes","description":"R\u00e9alisez votre v\u0153u, votre souhait d\u2019aller \u00e0 Lourdes en p\u00e8lerinage","publisher":{"@id":"https:\/\/lourdesmb.be\/nl\/#organization"},"potentialAction":[{"@type":"SearchAction","target":{"@type":"EntryPoint","urlTemplate":"https:\/\/lourdesmb.be\/nl\/?s={search_term_string}"},"query-input":{"@type":"PropertyValueSpecification","valueRequired":true,"valueName":"search_term_string"}}],"inLanguage":"nl-NL"},{"@type":"Organization","@id":"https:\/\/lourdesmb.be\/nl\/#organization","name":"P\u00e8lerinage de Lourdes","url":"https:\/\/lourdesmb.be\/nl\/","logo":{"@type":"ImageObject","inLanguage":"nl-NL","@id":"https:\/\/lourdesmb.be\/nl\/#\/schema\/logo\/image\/","url":"https:\/\/lourdesmb.be\/wp-content\/uploads\/2022\/08\/logo_.png","contentUrl":"https:\/\/lourdesmb.be\/wp-content\/uploads\/2022\/08\/logo_.png","width":100,"height":99,"caption":"P\u00e8lerinage de Lourdes"},"image":{"@id":"https:\/\/lourdesmb.be\/nl\/#\/schema\/logo\/image\/"}}]}},"_links":{"self":[{"href":"https:\/\/lourdesmb.be\/nl\/wp-json\/wp\/v2\/pages\/971","targetHints":{"allow":["GET"]}}],"collection":[{"href":"https:\/\/lourdesmb.be\/nl\/wp-json\/wp\/v2\/pages"}],"about":[{"href":"https:\/\/lourdesmb.be\/nl\/wp-json\/wp\/v2\/types\/page"}],"author":[{"embeddable":true,"href":"https:\/\/lourdesmb.be\/nl\/wp-json\/wp\/v2\/users\/1"}],"replies":[{"embeddable":true,"href":"https:\/\/lourdesmb.be\/nl\/wp-json\/wp\/v2\/comments?post=971"}],"version-history":[{"count":11,"href":"https:\/\/lourdesmb.be\/nl\/wp-json\/wp\/v2\/pages\/971\/revisions"}],"predecessor-version":[{"id":2515,"href":"https:\/\/lourdesmb.be\/nl\/wp-json\/wp\/v2\/pages\/971\/revisions\/2515"}],"wp:attachment":[{"href":"https:\/\/lourdesmb.be\/nl\/wp-json\/wp\/v2\/media?parent=971"}],"curies":[{"name":"wp","href":"https:\/\/api.w.org\/{rel}","templated":true}]}}