{"id":965,"date":"2018-11-27T09:17:28","date_gmt":"2018-11-27T08:17:28","guid":{"rendered":"http:\/\/lourdesmb.be\/?page_id=965"},"modified":"2023-04-27T19:01:52","modified_gmt":"2023-04-27T17:01:52","slug":"hospitaliteit","status":"publish","type":"page","link":"https:\/\/lourdesmb.be\/nl\/hospitaliteit\/","title":{"rendered":"Hospitaliteit"},"content":{"rendered":"\t\t<div data-elementor-type=\"wp-post\" data-elementor-id=\"965\" class=\"elementor elementor-965\">\n\t\t\t\t\t\t<section class=\"elementor-section elementor-top-section elementor-element elementor-element-33a79095 elementor-section-boxed elementor-section-height-default elementor-section-height-default\" data-id=\"33a79095\" data-element_type=\"section\" data-e-type=\"section\" data-settings=\"{&quot;background_background&quot;:&quot;classic&quot;}\">\n\t\t\t\t\t\t\t<div class=\"elementor-background-overlay\"><\/div>\n\t\t\t\t\t\t\t<div class=\"elementor-container elementor-column-gap-default\">\n\t\t\t\t\t<div class=\"elementor-column elementor-col-100 elementor-top-column elementor-element elementor-element-3706530d\" data-id=\"3706530d\" data-element_type=\"column\" data-e-type=\"column\">\n\t\t\t<div class=\"elementor-widget-wrap elementor-element-populated\">\n\t\t\t\t\t\t<div class=\"elementor-element elementor-element-537de1f elementor-widget elementor-widget-heading\" data-id=\"537de1f\" data-element_type=\"widget\" data-e-type=\"widget\" data-widget_type=\"heading.default\">\n\t\t\t\t<div class=\"elementor-widget-container\">\n\t\t\t\t\t<h1 class=\"elementor-heading-title elementor-size-default\">Hospitaliteit<\/h1>\t\t\t\t<\/div>\n\t\t\t\t<\/div>\n\t\t\t\t\t<\/div>\n\t\t<\/div>\n\t\t\t\t\t<\/div>\n\t\t<\/section>\n\t\t\t\t<section class=\"elementor-section elementor-inner-section elementor-element elementor-element-d6c60ea elementor-section-boxed elementor-section-height-default elementor-section-height-default\" data-id=\"d6c60ea\" data-element_type=\"section\" data-e-type=\"section\">\n\t\t\t\t\t\t<div class=\"elementor-container elementor-column-gap-default\">\n\t\t\t\t\t<div class=\"elementor-column elementor-col-50 elementor-inner-column elementor-element elementor-element-f20a204\" data-id=\"f20a204\" data-element_type=\"column\" data-e-type=\"column\">\n\t\t\t<div class=\"elementor-widget-wrap elementor-element-populated\">\n\t\t\t\t\t\t<div class=\"elementor-element elementor-element-ac6b184 elementor-widget elementor-widget-heading\" data-id=\"ac6b184\" data-element_type=\"widget\" data-e-type=\"widget\" data-widget_type=\"heading.default\">\n\t\t\t\t<div class=\"elementor-widget-container\">\n\t\t\t\t\t<h2 class=\"elementor-heading-title elementor-size-default\">Hospitaliteit :\nVerwelkomen en dienen<\/h2>\t\t\t\t<\/div>\n\t\t\t\t<\/div>\n\t\t\t\t<div class=\"elementor-element elementor-element-4ac1325 elementor-widget elementor-widget-text-editor\" data-id=\"4ac1325\" data-element_type=\"widget\" data-e-type=\"widget\" data-widget_type=\"text-editor.default\">\n\t\t\t\t<div class=\"elementor-widget-container\">\n\t\t\t\t\t\t\t\t\t<div class=\"page\" title=\"Page 4\">\n<div class=\"section\">\n<div class=\"layoutArea\">\n<div class=\"column\">\n<p>De leden van de Hospitaliteit zijn mannen en vrouwen die zich op vrijwillige basis inzetten om elke zieke in vriendschap te ontmoeten en met hem of haar in Lourdes te verblijven.<br>Het gaat om dokters, verpleegsters, pries- ters, brancardiers, kortom alle mensen van goede wil.<br><span style=\"font-size: 16px;\">Het zijn zij die, door hun aanwezigheid en hun efficie\u0308nte hulp, dat verblijf mogelijk maken voor zieken en andersvaliden.<\/span><\/p>\n<div class=\"page\" title=\"Page 4\">\n<div class=\"section\">\n<div class=\"layoutArea\">\n<div class=\"column\">\n<p>Wat drijft de hospitaliteitsleden?<\/p>\n<p>&#8220;Wat je niet voor e\u0301e\u0301n van deze minsten hebt gedaan, heb je ook niet voor Mij gedaan.&#8221; (Mt. 25, 45).<\/p>\n<\/div>\n<\/div>\n<\/div>\n<\/div>\n<\/div>\n<\/div>\n<\/div>\n<\/div>\t\t\t\t\t\t\t\t<\/div>\n\t\t\t\t<\/div>\n\t\t\t\t<div class=\"elementor-element elementor-element-66aab1f elementor-widget elementor-widget-image\" data-id=\"66aab1f\" data-element_type=\"widget\" data-e-type=\"widget\" data-widget_type=\"image.default\">\n\t\t\t\t<div class=\"elementor-widget-container\">\n\t\t\t\t\t\t\t\t\t\t\t\t\t\t\t<img fetchpriority=\"high\" decoding=\"async\" width=\"1024\" height=\"683\" src=\"https:\/\/lourdesmb.be\/wp-content\/uploads\/2023\/04\/13-1024x683.jpg\" class=\"attachment-large size-large wp-image-1536\" alt=\"\" srcset=\"https:\/\/lourdesmb.be\/wp-content\/uploads\/2023\/04\/13-1024x683.jpg 1024w, https:\/\/lourdesmb.be\/wp-content\/uploads\/2023\/04\/13-300x200.jpg 300w, https:\/\/lourdesmb.be\/wp-content\/uploads\/2023\/04\/13-768x512.jpg 768w, https:\/\/lourdesmb.be\/wp-content\/uploads\/2023\/04\/13.jpg 1536w\" sizes=\"(max-width: 1024px) 100vw, 1024px\" \/>\t\t\t\t\t\t\t\t\t\t\t\t\t\t\t<\/div>\n\t\t\t\t<\/div>\n\t\t\t\t<div class=\"elementor-element elementor-element-d7cd359 elementor-widget elementor-widget-text-editor\" data-id=\"d7cd359\" data-element_type=\"widget\" data-e-type=\"widget\" data-widget_type=\"text-editor.default\">\n\t\t\t\t<div class=\"elementor-widget-container\">\n\t\t\t\t\t\t\t\t\t<div class=\"page\" title=\"Page 4\"><div class=\"section\"><div class=\"layoutArea\"><div class=\"column\"><p>Lourdes is een plaats waar waarden op zijn kop worden gezet: de zieken en gehandicapten komen op de eerste plaats.<\/p><p>\u00ab Al diegenen die terugkomen van Lourdes stellen vast dat ze veranderd zijn en dat ze geraakt werden. Geraakt door de glimlach van de zieken waarmee ze op stap\u00a0<span style=\"font-size: 16px;\">gingen. Geraakt door de grote broederlijkheid met internationaal karakter.<br \/><\/span><span style=\"font-size: 16px;\">In Lourdes beleeft men de genade van het geven en krijgt men die van het zich nuttig kunnen maken. \u00bb<\/span><\/p><\/div><\/div><\/div><div class=\"section\"><div class=\"layoutArea\"><div class=\"column\"><p>Re\u0301gis-Marie de la Teyssonnie\u0300re<\/p><p><em>Als u ge\u00efnteresseerd bent in het dienen als hospitalier of verzorger, of als u meer informatie wilt ontvangen, stuur dan een e-mail naar:\u00a0<span style=\"color: var( --e-global-color-text ); font-family: var( --e-global-typography-text-font-family ), Sans-serif; font-size: 1rem; font-variant-ligatures: normal; orphans: 2; widows: 2;\">\u00a0<\/span><a style=\"font-family: var( --e-global-typography-text-font-family ), Sans-serif; font-size: 1rem; caret-color: #000000; background-color: #ffffff; outline: 0px; font-variant-ligatures: normal; orphans: 2; widows: 2;\" href=\"mailto:hospi.mb@diomb.be\">hospi.mb@diomb.be<\/a><\/em><\/p><\/div><\/div><\/div><\/div>\t\t\t\t\t\t\t\t<\/div>\n\t\t\t\t<\/div>\n\t\t\t\t\t<\/div>\n\t\t<\/div>\n\t\t\t\t<div class=\"elementor-column elementor-col-50 elementor-inner-column elementor-element elementor-element-bce40d9\" data-id=\"bce40d9\" data-element_type=\"column\" data-e-type=\"column\">\n\t\t\t<div class=\"elementor-widget-wrap elementor-element-populated\">\n\t\t\t\t\t\t<div class=\"elementor-element elementor-element-c77911c elementor-widget elementor-widget-image\" data-id=\"c77911c\" data-element_type=\"widget\" data-e-type=\"widget\" data-widget_type=\"image.default\">\n\t\t\t\t<div class=\"elementor-widget-container\">\n\t\t\t\t\t\t\t\t\t\t\t\t\t\t\t<img decoding=\"async\" width=\"1013\" height=\"760\" src=\"https:\/\/lourdesmb.be\/wp-content\/uploads\/2023\/04\/18.jpg\" class=\"attachment-large size-large wp-image-1534\" alt=\"\" srcset=\"https:\/\/lourdesmb.be\/wp-content\/uploads\/2023\/04\/18.jpg 1013w, https:\/\/lourdesmb.be\/wp-content\/uploads\/2023\/04\/18-300x225.jpg 300w, https:\/\/lourdesmb.be\/wp-content\/uploads\/2023\/04\/18-768x576.jpg 768w\" sizes=\"(max-width: 1013px) 100vw, 1013px\" \/>\t\t\t\t\t\t\t\t\t\t\t\t\t\t\t<\/div>\n\t\t\t\t<\/div>\n\t\t\t\t<div class=\"elementor-element elementor-element-d5d614a elementor-widget elementor-widget-heading\" data-id=\"d5d614a\" data-element_type=\"widget\" data-e-type=\"widget\" data-widget_type=\"heading.default\">\n\t\t\t\t<div class=\"elementor-widget-container\">\n\t\t\t\t\t<h4 class=\"elementor-heading-title elementor-size-default\">Onze charte<\/h4>\t\t\t\t<\/div>\n\t\t\t\t<\/div>\n\t\t\t\t<div class=\"elementor-element elementor-element-14d687a elementor-widget elementor-widget-text-editor\" data-id=\"14d687a\" data-element_type=\"widget\" data-e-type=\"widget\" data-widget_type=\"text-editor.default\">\n\t\t\t\t<div class=\"elementor-widget-container\">\n\t\t\t\t\t\t\t\t\t<div class=\"page\" title=\"Page 4\"><div class=\"layoutArea\"><div class=\"column\"><p><em>Hospitaliteitslid zijn<br \/><\/em><em>Is zich ten dienste stellen van anderen.<\/em><br \/><em>Is de meest kwetsbare medemensen bijstaan. Is troost en steun bieden<\/em><br \/><em>Is vreugde brengen.<\/em><br \/><em>Is hoop doorgeven.<\/em><br \/><em>Is samen delen.<\/em><br \/><em>Is zichzelf vergeten in het belang<br \/><\/em><em>van de andere.<\/em><br \/><em>Is heel gewoon broers en zussen<br \/><\/em><em>zijn in e\u0301e\u0301n grote familie,<br \/>te weten onze bedevaart die <br \/>op bezoek gaat bij Maria.<\/em><\/p><\/div><\/div><\/div>\t\t\t\t\t\t\t\t<\/div>\n\t\t\t\t<\/div>\n\t\t\t\t<div class=\"elementor-element elementor-element-58587ba elementor-widget elementor-widget-image\" data-id=\"58587ba\" data-element_type=\"widget\" data-e-type=\"widget\" data-widget_type=\"image.default\">\n\t\t\t\t<div class=\"elementor-widget-container\">\n\t\t\t\t\t\t\t\t\t\t\t\t\t\t\t<img decoding=\"async\" width=\"1024\" height=\"768\" src=\"https:\/\/lourdesmb.be\/wp-content\/uploads\/2023\/04\/299658451_10229067944713762_1774260966515991550_n-1024x768.jpg\" class=\"attachment-large size-large wp-image-1513\" alt=\"\" srcset=\"https:\/\/lourdesmb.be\/wp-content\/uploads\/2023\/04\/299658451_10229067944713762_1774260966515991550_n-1024x768.jpg 1024w, https:\/\/lourdesmb.be\/wp-content\/uploads\/2023\/04\/299658451_10229067944713762_1774260966515991550_n-300x225.jpg 300w, https:\/\/lourdesmb.be\/wp-content\/uploads\/2023\/04\/299658451_10229067944713762_1774260966515991550_n-768x576.jpg 768w, https:\/\/lourdesmb.be\/wp-content\/uploads\/2023\/04\/299658451_10229067944713762_1774260966515991550_n-1536x1152.jpg 1536w, https:\/\/lourdesmb.be\/wp-content\/uploads\/2023\/04\/299658451_10229067944713762_1774260966515991550_n.jpg 2048w\" sizes=\"(max-width: 1024px) 100vw, 1024px\" \/>\t\t\t\t\t\t\t\t\t\t\t\t\t\t\t<\/div>\n\t\t\t\t<\/div>\n\t\t\t\t\t<\/div>\n\t\t<\/div>\n\t\t\t\t\t<\/div>\n\t\t<\/section>\n\t\t\t\t<\/div>\n\t\t","protected":false},"excerpt":{"rendered":"<p>Hospitaliteit Hospitaliteit : Verwelkomen en dienen De leden van de Hospitaliteit zijn mannen en vrouwen die zich op vrijwillige basis inzetten om elke zieke in vriendschap te ontmoeten en met hem of haar in Lourdes te verblijven.Het gaat om dokters, verpleegsters, pries- ters, brancardiers, kortom alle mensen van goede wil.Het zijn zij die, door hun [&hellip;]<\/p>\n","protected":false},"author":1,"featured_media":0,"parent":0,"menu_order":0,"comment_status":"closed","ping_status":"closed","template":"","meta":{"site-sidebar-layout":"no-sidebar","site-content-layout":"page-builder","ast-site-content-layout":"default","site-content-style":"default","site-sidebar-style":"default","ast-global-header-display":"","ast-banner-title-visibility":"","ast-main-header-display":"","ast-hfb-above-header-display":"","ast-hfb-below-header-display":"","ast-hfb-mobile-header-display":"","site-post-title":"disabled","ast-breadcrumbs-content":"","ast-featured-img":"disabled","footer-sml-layout":"","ast-disable-related-posts":"","theme-transparent-header-meta":"enabled","adv-header-id-meta":"","stick-header-meta":"","header-above-stick-meta":"","header-main-stick-meta":"","header-below-stick-meta":"","astra-migrate-meta-layouts":"default","ast-page-background-enabled":"default","ast-page-background-meta":{"desktop":{"background-color":"var(--ast-global-color-4)","background-image":"","background-repeat":"repeat","background-position":"center center","background-size":"auto","background-attachment":"scroll","background-type":"","background-media":"","overlay-type":"","overlay-color":"","overlay-opacity":"","overlay-gradient":""},"tablet":{"background-color":"","background-image":"","background-repeat":"repeat","background-position":"center center","background-size":"auto","background-attachment":"scroll","background-type":"","background-media":"","overlay-type":"","overlay-color":"","overlay-opacity":"","overlay-gradient":""},"mobile":{"background-color":"","background-image":"","background-repeat":"repeat","background-position":"center center","background-size":"auto","background-attachment":"scroll","background-type":"","background-media":"","overlay-type":"","overlay-color":"","overlay-opacity":"","overlay-gradient":""}},"ast-content-background-meta":{"desktop":{"background-color":"var(--ast-global-color-5)","background-image":"","background-repeat":"repeat","background-position":"center center","background-size":"auto","background-attachment":"scroll","background-type":"","background-media":"","overlay-type":"","overlay-color":"","overlay-opacity":"","overlay-gradient":""},"tablet":{"background-color":"var(--ast-global-color-5)","background-image":"","background-repeat":"repeat","background-position":"center center","background-size":"auto","background-attachment":"scroll","background-type":"","background-media":"","overlay-type":"","overlay-color":"","overlay-opacity":"","overlay-gradient":""},"mobile":{"background-color":"var(--ast-global-color-5)","background-image":"","background-repeat":"repeat","background-position":"center center","background-size":"auto","background-attachment":"scroll","background-type":"","background-media":"","overlay-type":"","overlay-color":"","overlay-opacity":"","overlay-gradient":""}},"ngg_post_thumbnail":0,"footnotes":""},"class_list":["post-965","page","type-page","status-publish","hentry"],"yoast_head":"<!-- This site is optimized with the Yoast SEO plugin v27.4 - https:\/\/yoast.com\/product\/yoast-seo-wordpress\/ -->\n<title>Hospitaliteit - P\u00e8lerinage de Lourdes<\/title>\n<meta name=\"robots\" content=\"index, follow, max-snippet:-1, max-image-preview:large, max-video-preview:-1\" \/>\n<link rel=\"canonical\" href=\"https:\/\/lourdesmb.be\/nl\/hospitaliteit\/\" \/>\n<meta property=\"og:locale\" content=\"nl_NL\" \/>\n<meta property=\"og:type\" content=\"article\" \/>\n<meta property=\"og:title\" content=\"Hospitaliteit - P\u00e8lerinage de Lourdes\" \/>\n<meta property=\"og:description\" content=\"Hospitaliteit Hospitaliteit : Verwelkomen en dienen De leden van de Hospitaliteit zijn mannen en vrouwen die zich op vrijwillige basis inzetten om elke zieke in vriendschap te ontmoeten en met hem of haar in Lourdes te verblijven.Het gaat om dokters, verpleegsters, pries- ters, brancardiers, kortom alle mensen van goede wil.Het zijn zij die, door hun [&hellip;]\" \/>\n<meta property=\"og:url\" content=\"https:\/\/lourdesmb.be\/nl\/hospitaliteit\/\" \/>\n<meta property=\"og:site_name\" content=\"P\u00e8lerinage de Lourdes\" \/>\n<meta property=\"article:modified_time\" content=\"2023-04-27T17:01:52+00:00\" \/>\n<meta property=\"og:image\" content=\"https:\/\/lourdesmb.be\/wp-content\/uploads\/2023\/04\/13-1024x683.jpg\" \/>\n<meta name=\"twitter:card\" content=\"summary_large_image\" \/>\n<meta name=\"twitter:label1\" content=\"Geschatte leestijd\" \/>\n\t<meta name=\"twitter:data1\" content=\"2 minuten\" \/>\n<script type=\"application\/ld+json\" class=\"yoast-schema-graph\">{\"@context\":\"https:\\\/\\\/schema.org\",\"@graph\":[{\"@type\":\"WebPage\",\"@id\":\"https:\\\/\\\/lourdesmb.be\\\/nl\\\/hospitaliteit\\\/\",\"url\":\"https:\\\/\\\/lourdesmb.be\\\/nl\\\/hospitaliteit\\\/\",\"name\":\"Hospitaliteit - P\u00e8lerinage de Lourdes\",\"isPartOf\":{\"@id\":\"https:\\\/\\\/lourdesmb.be\\\/nl\\\/#website\"},\"primaryImageOfPage\":{\"@id\":\"https:\\\/\\\/lourdesmb.be\\\/nl\\\/hospitaliteit\\\/#primaryimage\"},\"image\":{\"@id\":\"https:\\\/\\\/lourdesmb.be\\\/nl\\\/hospitaliteit\\\/#primaryimage\"},\"thumbnailUrl\":\"https:\\\/\\\/lourdesmb.be\\\/wp-content\\\/uploads\\\/2023\\\/04\\\/13-1024x683.jpg\",\"datePublished\":\"2018-11-27T08:17:28+00:00\",\"dateModified\":\"2023-04-27T17:01:52+00:00\",\"breadcrumb\":{\"@id\":\"https:\\\/\\\/lourdesmb.be\\\/nl\\\/hospitaliteit\\\/#breadcrumb\"},\"inLanguage\":\"nl-NL\",\"potentialAction\":[{\"@type\":\"ReadAction\",\"target\":[\"https:\\\/\\\/lourdesmb.be\\\/nl\\\/hospitaliteit\\\/\"]}]},{\"@type\":\"ImageObject\",\"inLanguage\":\"nl-NL\",\"@id\":\"https:\\\/\\\/lourdesmb.be\\\/nl\\\/hospitaliteit\\\/#primaryimage\",\"url\":\"https:\\\/\\\/lourdesmb.be\\\/wp-content\\\/uploads\\\/2023\\\/04\\\/13-1024x683.jpg\",\"contentUrl\":\"https:\\\/\\\/lourdesmb.be\\\/wp-content\\\/uploads\\\/2023\\\/04\\\/13-1024x683.jpg\"},{\"@type\":\"BreadcrumbList\",\"@id\":\"https:\\\/\\\/lourdesmb.be\\\/nl\\\/hospitaliteit\\\/#breadcrumb\",\"itemListElement\":[{\"@type\":\"ListItem\",\"position\":1,\"name\":\"Accueil\",\"item\":\"https:\\\/\\\/lourdesmb.be\\\/nl\\\/\"},{\"@type\":\"ListItem\",\"position\":2,\"name\":\"Hospitaliteit\"}]},{\"@type\":\"WebSite\",\"@id\":\"https:\\\/\\\/lourdesmb.be\\\/nl\\\/#website\",\"url\":\"https:\\\/\\\/lourdesmb.be\\\/nl\\\/\",\"name\":\"P\u00e8lerinage de Lourdes\",\"description\":\"R\u00e9alisez votre v\u0153u, votre souhait d\u2019aller \u00e0 Lourdes en p\u00e8lerinage\",\"publisher\":{\"@id\":\"https:\\\/\\\/lourdesmb.be\\\/nl\\\/#organization\"},\"potentialAction\":[{\"@type\":\"SearchAction\",\"target\":{\"@type\":\"EntryPoint\",\"urlTemplate\":\"https:\\\/\\\/lourdesmb.be\\\/nl\\\/?s={search_term_string}\"},\"query-input\":{\"@type\":\"PropertyValueSpecification\",\"valueRequired\":true,\"valueName\":\"search_term_string\"}}],\"inLanguage\":\"nl-NL\"},{\"@type\":\"Organization\",\"@id\":\"https:\\\/\\\/lourdesmb.be\\\/nl\\\/#organization\",\"name\":\"P\u00e8lerinage de Lourdes\",\"url\":\"https:\\\/\\\/lourdesmb.be\\\/nl\\\/\",\"logo\":{\"@type\":\"ImageObject\",\"inLanguage\":\"nl-NL\",\"@id\":\"https:\\\/\\\/lourdesmb.be\\\/nl\\\/#\\\/schema\\\/logo\\\/image\\\/\",\"url\":\"https:\\\/\\\/lourdesmb.be\\\/wp-content\\\/uploads\\\/2022\\\/08\\\/logo_.png\",\"contentUrl\":\"https:\\\/\\\/lourdesmb.be\\\/wp-content\\\/uploads\\\/2022\\\/08\\\/logo_.png\",\"width\":100,\"height\":99,\"caption\":\"P\u00e8lerinage de Lourdes\"},\"image\":{\"@id\":\"https:\\\/\\\/lourdesmb.be\\\/nl\\\/#\\\/schema\\\/logo\\\/image\\\/\"}}]}<\/script>\n<!-- \/ Yoast SEO plugin. -->","yoast_head_json":{"title":"Hospitaliteit - P\u00e8lerinage de Lourdes","robots":{"index":"index","follow":"follow","max-snippet":"max-snippet:-1","max-image-preview":"max-image-preview:large","max-video-preview":"max-video-preview:-1"},"canonical":"https:\/\/lourdesmb.be\/nl\/hospitaliteit\/","og_locale":"nl_NL","og_type":"article","og_title":"Hospitaliteit - P\u00e8lerinage de Lourdes","og_description":"Hospitaliteit Hospitaliteit : Verwelkomen en dienen De leden van de Hospitaliteit zijn mannen en vrouwen die zich op vrijwillige basis inzetten om elke zieke in vriendschap te ontmoeten en met hem of haar in Lourdes te verblijven.Het gaat om dokters, verpleegsters, pries- ters, brancardiers, kortom alle mensen van goede wil.Het zijn zij die, door hun [&hellip;]","og_url":"https:\/\/lourdesmb.be\/nl\/hospitaliteit\/","og_site_name":"P\u00e8lerinage de Lourdes","article_modified_time":"2023-04-27T17:01:52+00:00","og_image":[{"url":"https:\/\/lourdesmb.be\/wp-content\/uploads\/2023\/04\/13-1024x683.jpg","type":"","width":"","height":""}],"twitter_card":"summary_large_image","twitter_misc":{"Geschatte leestijd":"2 minuten"},"schema":{"@context":"https:\/\/schema.org","@graph":[{"@type":"WebPage","@id":"https:\/\/lourdesmb.be\/nl\/hospitaliteit\/","url":"https:\/\/lourdesmb.be\/nl\/hospitaliteit\/","name":"Hospitaliteit - P\u00e8lerinage de Lourdes","isPartOf":{"@id":"https:\/\/lourdesmb.be\/nl\/#website"},"primaryImageOfPage":{"@id":"https:\/\/lourdesmb.be\/nl\/hospitaliteit\/#primaryimage"},"image":{"@id":"https:\/\/lourdesmb.be\/nl\/hospitaliteit\/#primaryimage"},"thumbnailUrl":"https:\/\/lourdesmb.be\/wp-content\/uploads\/2023\/04\/13-1024x683.jpg","datePublished":"2018-11-27T08:17:28+00:00","dateModified":"2023-04-27T17:01:52+00:00","breadcrumb":{"@id":"https:\/\/lourdesmb.be\/nl\/hospitaliteit\/#breadcrumb"},"inLanguage":"nl-NL","potentialAction":[{"@type":"ReadAction","target":["https:\/\/lourdesmb.be\/nl\/hospitaliteit\/"]}]},{"@type":"ImageObject","inLanguage":"nl-NL","@id":"https:\/\/lourdesmb.be\/nl\/hospitaliteit\/#primaryimage","url":"https:\/\/lourdesmb.be\/wp-content\/uploads\/2023\/04\/13-1024x683.jpg","contentUrl":"https:\/\/lourdesmb.be\/wp-content\/uploads\/2023\/04\/13-1024x683.jpg"},{"@type":"BreadcrumbList","@id":"https:\/\/lourdesmb.be\/nl\/hospitaliteit\/#breadcrumb","itemListElement":[{"@type":"ListItem","position":1,"name":"Accueil","item":"https:\/\/lourdesmb.be\/nl\/"},{"@type":"ListItem","position":2,"name":"Hospitaliteit"}]},{"@type":"WebSite","@id":"https:\/\/lourdesmb.be\/nl\/#website","url":"https:\/\/lourdesmb.be\/nl\/","name":"P\u00e8lerinage de Lourdes","description":"R\u00e9alisez votre v\u0153u, votre souhait d\u2019aller \u00e0 Lourdes en p\u00e8lerinage","publisher":{"@id":"https:\/\/lourdesmb.be\/nl\/#organization"},"potentialAction":[{"@type":"SearchAction","target":{"@type":"EntryPoint","urlTemplate":"https:\/\/lourdesmb.be\/nl\/?s={search_term_string}"},"query-input":{"@type":"PropertyValueSpecification","valueRequired":true,"valueName":"search_term_string"}}],"inLanguage":"nl-NL"},{"@type":"Organization","@id":"https:\/\/lourdesmb.be\/nl\/#organization","name":"P\u00e8lerinage de Lourdes","url":"https:\/\/lourdesmb.be\/nl\/","logo":{"@type":"ImageObject","inLanguage":"nl-NL","@id":"https:\/\/lourdesmb.be\/nl\/#\/schema\/logo\/image\/","url":"https:\/\/lourdesmb.be\/wp-content\/uploads\/2022\/08\/logo_.png","contentUrl":"https:\/\/lourdesmb.be\/wp-content\/uploads\/2022\/08\/logo_.png","width":100,"height":99,"caption":"P\u00e8lerinage de Lourdes"},"image":{"@id":"https:\/\/lourdesmb.be\/nl\/#\/schema\/logo\/image\/"}}]}},"_links":{"self":[{"href":"https:\/\/lourdesmb.be\/nl\/wp-json\/wp\/v2\/pages\/965","targetHints":{"allow":["GET"]}}],"collection":[{"href":"https:\/\/lourdesmb.be\/nl\/wp-json\/wp\/v2\/pages"}],"about":[{"href":"https:\/\/lourdesmb.be\/nl\/wp-json\/wp\/v2\/types\/page"}],"author":[{"embeddable":true,"href":"https:\/\/lourdesmb.be\/nl\/wp-json\/wp\/v2\/users\/1"}],"replies":[{"embeddable":true,"href":"https:\/\/lourdesmb.be\/nl\/wp-json\/wp\/v2\/comments?post=965"}],"version-history":[{"count":13,"href":"https:\/\/lourdesmb.be\/nl\/wp-json\/wp\/v2\/pages\/965\/revisions"}],"predecessor-version":[{"id":1581,"href":"https:\/\/lourdesmb.be\/nl\/wp-json\/wp\/v2\/pages\/965\/revisions\/1581"}],"wp:attachment":[{"href":"https:\/\/lourdesmb.be\/nl\/wp-json\/wp\/v2\/media?parent=965"}],"curies":[{"name":"wp","href":"https:\/\/api.w.org\/{rel}","templated":true}]}}