{"id":951,"date":"2018-11-27T09:17:08","date_gmt":"2018-11-27T08:17:08","guid":{"rendered":"http:\/\/lourdesmb.be\/?page_id=951"},"modified":"2024-04-03T19:38:38","modified_gmt":"2024-04-03T17:38:38","slug":"wat-doen-wij","status":"publish","type":"page","link":"https:\/\/lourdesmb.be\/nl\/wat-doen-wij\/","title":{"rendered":"Wat doen wij"},"content":{"rendered":"\t\t<div data-elementor-type=\"wp-post\" data-elementor-id=\"951\" class=\"elementor elementor-951\">\n\t\t\t\t\t\t<section class=\"elementor-section elementor-top-section elementor-element elementor-element-d7d8b56 elementor-section-boxed elementor-section-height-default elementor-section-height-default\" data-id=\"d7d8b56\" data-element_type=\"section\" data-e-type=\"section\" data-settings=\"{&quot;background_background&quot;:&quot;classic&quot;}\">\n\t\t\t\t\t\t\t<div class=\"elementor-background-overlay\"><\/div>\n\t\t\t\t\t\t\t<div class=\"elementor-container elementor-column-gap-default\">\n\t\t\t\t\t<div class=\"elementor-column elementor-col-100 elementor-top-column elementor-element elementor-element-fd69444\" data-id=\"fd69444\" data-element_type=\"column\" data-e-type=\"column\">\n\t\t\t<div class=\"elementor-widget-wrap elementor-element-populated\">\n\t\t\t\t\t\t<div class=\"elementor-element elementor-element-abcc2f2 animated-slow elementor-invisible elementor-widget elementor-widget-heading\" data-id=\"abcc2f2\" data-element_type=\"widget\" data-e-type=\"widget\" data-settings=\"{&quot;_animation&quot;:&quot;fadeIn&quot;}\" data-widget_type=\"heading.default\">\n\t\t\t\t<div class=\"elementor-widget-container\">\n\t\t\t\t\t<h1 class=\"elementor-heading-title elementor-size-default\">Wat doen wij? <\/h1>\t\t\t\t<\/div>\n\t\t\t\t<\/div>\n\t\t\t\t\t<\/div>\n\t\t<\/div>\n\t\t\t\t\t<\/div>\n\t\t<\/section>\n\t\t\t\t<section class=\"elementor-section elementor-top-section elementor-element elementor-element-5c40d7b animated-slow elementor-section-boxed elementor-section-height-default elementor-section-height-default elementor-invisible\" data-id=\"5c40d7b\" data-element_type=\"section\" data-e-type=\"section\" data-settings=\"{&quot;animation&quot;:&quot;fadeIn&quot;,&quot;animation_delay&quot;:1000}\">\n\t\t\t\t\t\t<div class=\"elementor-container elementor-column-gap-default\">\n\t\t\t\t\t<div class=\"elementor-column elementor-col-50 elementor-top-column elementor-element elementor-element-2ebbf9c\" data-id=\"2ebbf9c\" data-element_type=\"column\" data-e-type=\"column\">\n\t\t\t<div class=\"elementor-widget-wrap elementor-element-populated\">\n\t\t\t\t\t\t<div class=\"elementor-element elementor-element-fe195c7 elementor-widget elementor-widget-heading\" data-id=\"fe195c7\" data-element_type=\"widget\" data-e-type=\"widget\" data-widget_type=\"heading.default\">\n\t\t\t\t<div class=\"elementor-widget-container\">\n\t\t\t\t\t<h2 class=\"elementor-heading-title elementor-size-default\">\nOnze missie\n<\/h2>\t\t\t\t<\/div>\n\t\t\t\t<\/div>\n\t\t\t\t<div class=\"elementor-element elementor-element-dc051dd elementor-widget-divider--view-line elementor-widget elementor-widget-divider\" data-id=\"dc051dd\" data-element_type=\"widget\" data-e-type=\"widget\" data-widget_type=\"divider.default\">\n\t\t\t\t<div class=\"elementor-widget-container\">\n\t\t\t\t\t\t\t<div class=\"elementor-divider\">\n\t\t\t<span class=\"elementor-divider-separator\">\n\t\t\t\t\t\t<\/span>\n\t\t<\/div>\n\t\t\t\t\t\t<\/div>\n\t\t\t\t<\/div>\n\t\t\t\t<div class=\"elementor-element elementor-element-e5f497e elementor-widget elementor-widget-text-editor\" data-id=\"e5f497e\" data-element_type=\"widget\" data-e-type=\"widget\" data-widget_type=\"text-editor.default\">\n\t\t\t\t<div class=\"elementor-widget-container\">\n\t\t\t\t\t\t\t\t\t<p>Al meer dan 60 jaar organiseert het bisdom Mechelen-Brussel jaarlijks bedevaarten naar Lourdes: op <b>Pinksteren<\/b> en op <b>O.L.V.-Hemelvaart<\/b>. <br>Op <b>Pinksteren<\/b> telt de groep een dertigtal mensen, die per vliegtuig reizen; zij worden door 3 priesters begeleid. <br>Daarentegen, bestaat de groep bedevaar-ders op O.L.V.-Hemelvaart uit 400 mensen, die naar keuze met eigen voertuig, met de trein of per vliegtuig reizen. <br>In Lourdes vinden we elkaar als groep terug.<\/p>\t\t\t\t\t\t\t\t<\/div>\n\t\t\t\t<\/div>\n\t\t\t\t\t<\/div>\n\t\t<\/div>\n\t\t\t\t<div class=\"elementor-column elementor-col-50 elementor-top-column elementor-element elementor-element-e5fdae0\" data-id=\"e5fdae0\" data-element_type=\"column\" data-e-type=\"column\">\n\t\t\t<div class=\"elementor-widget-wrap elementor-element-populated\">\n\t\t\t\t\t\t<div class=\"elementor-element elementor-element-96b5b53 elementor-widget elementor-widget-image\" data-id=\"96b5b53\" data-element_type=\"widget\" data-e-type=\"widget\" data-widget_type=\"image.default\">\n\t\t\t\t<div class=\"elementor-widget-container\">\n\t\t\t\t\t\t\t\t\t\t\t\t\t\t\t<img fetchpriority=\"high\" decoding=\"async\" width=\"1940\" height=\"1260\" src=\"https:\/\/lourdesmb.be\/wp-content\/uploads\/2022\/10\/Capture-decran-2022-10-05-a-21.16.26.png\" class=\"attachment-full size-full wp-image-1165\" alt=\"\" srcset=\"https:\/\/lourdesmb.be\/wp-content\/uploads\/2022\/10\/Capture-decran-2022-10-05-a-21.16.26.png 1940w, https:\/\/lourdesmb.be\/wp-content\/uploads\/2022\/10\/Capture-decran-2022-10-05-a-21.16.26-300x195.png 300w, https:\/\/lourdesmb.be\/wp-content\/uploads\/2022\/10\/Capture-decran-2022-10-05-a-21.16.26-1024x665.png 1024w, https:\/\/lourdesmb.be\/wp-content\/uploads\/2022\/10\/Capture-decran-2022-10-05-a-21.16.26-768x499.png 768w, https:\/\/lourdesmb.be\/wp-content\/uploads\/2022\/10\/Capture-decran-2022-10-05-a-21.16.26-1536x998.png 1536w\" sizes=\"(max-width: 1940px) 100vw, 1940px\" \/>\t\t\t\t\t\t\t\t\t\t\t\t\t\t\t<\/div>\n\t\t\t\t<\/div>\n\t\t\t\t\t<\/div>\n\t\t<\/div>\n\t\t\t\t\t<\/div>\n\t\t<\/section>\n\t\t\t\t<section class=\"elementor-section elementor-top-section elementor-element elementor-element-f55cd4c animated-slow elementor-section-boxed elementor-section-height-default elementor-section-height-default elementor-invisible\" data-id=\"f55cd4c\" data-element_type=\"section\" data-e-type=\"section\" data-settings=\"{&quot;animation&quot;:&quot;fadeIn&quot;,&quot;animation_delay&quot;:1100}\">\n\t\t\t\t\t\t<div class=\"elementor-container elementor-column-gap-default\">\n\t\t\t\t\t<div class=\"elementor-column elementor-col-50 elementor-top-column elementor-element elementor-element-143179d\" data-id=\"143179d\" data-element_type=\"column\" data-e-type=\"column\">\n\t\t\t<div class=\"elementor-widget-wrap elementor-element-populated\">\n\t\t\t\t\t\t<div class=\"elementor-element elementor-element-3156e3f elementor-invisible elementor-widget elementor-widget-image\" data-id=\"3156e3f\" data-element_type=\"widget\" data-e-type=\"widget\" data-settings=\"{&quot;_animation&quot;:&quot;fadeIn&quot;,&quot;_animation_delay&quot;:800}\" data-widget_type=\"image.default\">\n\t\t\t\t<div class=\"elementor-widget-container\">\n\t\t\t\t\t\t\t\t\t\t\t\t\t\t\t<img decoding=\"async\" width=\"1024\" height=\"585\" src=\"https:\/\/lourdesmb.be\/wp-content\/uploads\/2022\/10\/photo-haut-1024x585.jpeg\" class=\"attachment-large size-large wp-image-1170\" alt=\"\" srcset=\"https:\/\/lourdesmb.be\/wp-content\/uploads\/2022\/10\/photo-haut-1024x585.jpeg 1024w, https:\/\/lourdesmb.be\/wp-content\/uploads\/2022\/10\/photo-haut-300x171.jpeg 300w, https:\/\/lourdesmb.be\/wp-content\/uploads\/2022\/10\/photo-haut-768x439.jpeg 768w, https:\/\/lourdesmb.be\/wp-content\/uploads\/2022\/10\/photo-haut-1536x878.jpeg 1536w, https:\/\/lourdesmb.be\/wp-content\/uploads\/2022\/10\/photo-haut-2048x1170.jpeg 2048w\" sizes=\"(max-width: 1024px) 100vw, 1024px\" \/>\t\t\t\t\t\t\t\t\t\t\t\t\t\t\t<\/div>\n\t\t\t\t<\/div>\n\t\t\t\t\t<\/div>\n\t\t<\/div>\n\t\t\t\t<div class=\"elementor-column elementor-col-50 elementor-top-column elementor-element elementor-element-e4e4100\" data-id=\"e4e4100\" data-element_type=\"column\" data-e-type=\"column\">\n\t\t\t<div class=\"elementor-widget-wrap elementor-element-populated\">\n\t\t\t\t\t\t<div class=\"elementor-element elementor-element-2ffb9c9 elementor-widget elementor-widget-text-editor\" data-id=\"2ffb9c9\" data-element_type=\"widget\" data-e-type=\"widget\" data-widget_type=\"text-editor.default\">\n\t\t\t\t<div class=\"elementor-widget-container\">\n\t\t\t\t\t\t\t\t\t<p>Wij organiseren zowel het verblijf van valide als van anders-valide bedevaarders.<br \/>Deze laatste reizen met de trein en worden omring door een team van hospitaliteitsleden, die ze 24 u op 24 verzorgen, inclusief de medische opvang.<br \/>Men reist per bus van het park van de Basiliek van Koekelberg tot Tourcoing (Frankrijk) waar men aan boord van een priv\u00e9 trein stapt richting Lourdes.<\/p>\t\t\t\t\t\t\t\t<\/div>\n\t\t\t\t<\/div>\n\t\t\t\t\t<\/div>\n\t\t<\/div>\n\t\t\t\t\t<\/div>\n\t\t<\/section>\n\t\t\t\t<section class=\"elementor-section elementor-top-section elementor-element elementor-element-34b37b8 animated-slow elementor-section-boxed elementor-section-height-default elementor-section-height-default elementor-invisible\" data-id=\"34b37b8\" data-element_type=\"section\" data-e-type=\"section\" data-settings=\"{&quot;animation&quot;:&quot;fadeIn&quot;,&quot;animation_delay&quot;:1000}\">\n\t\t\t\t\t\t<div class=\"elementor-container elementor-column-gap-default\">\n\t\t\t\t\t<div class=\"elementor-column elementor-col-50 elementor-top-column elementor-element elementor-element-4de142a\" data-id=\"4de142a\" data-element_type=\"column\" data-e-type=\"column\">\n\t\t\t<div class=\"elementor-widget-wrap elementor-element-populated\">\n\t\t\t\t\t\t<div class=\"elementor-element elementor-element-5137f19 elementor-widget elementor-widget-text-editor\" data-id=\"5137f19\" data-element_type=\"widget\" data-e-type=\"widget\" data-widget_type=\"text-editor.default\">\n\t\t\t\t<div class=\"elementor-widget-container\">\n\t\t\t\t\t\t\t\t\t<p>Te Lourdes beleven wij gedurende 5 dagen een bedevaart op het ritme van het Heiligdom. Op het programma: internationale mis, mis aan de Grot, Eucharistische processie (Heilig Sacrament), Mariale processie (\u2019s avonds met kaarsen), conferenties, Ziekenzalving, Kruisweg op de berg of op de weide, weg van het water, weg van Bernadette\u2026<br \/>Vanuit uw hotel is het eveneens mogelijk uitstappen te organiseren en de omgeving van Lourdes te verkennen: Circus van Gavarnie, het Heiligdom van B\u00e9tharram, de Pic du Midi, \u2026<\/p>\t\t\t\t\t\t\t\t<\/div>\n\t\t\t\t<\/div>\n\t\t\t\t\t<\/div>\n\t\t<\/div>\n\t\t\t\t<div class=\"elementor-column elementor-col-50 elementor-top-column elementor-element elementor-element-8b0ecbe\" data-id=\"8b0ecbe\" data-element_type=\"column\" data-e-type=\"column\">\n\t\t\t<div class=\"elementor-widget-wrap elementor-element-populated\">\n\t\t\t\t\t\t<div class=\"elementor-element elementor-element-e543f9e elementor-widget elementor-widget-image\" data-id=\"e543f9e\" data-element_type=\"widget\" data-e-type=\"widget\" data-widget_type=\"image.default\">\n\t\t\t\t<div class=\"elementor-widget-container\">\n\t\t\t\t\t\t\t\t\t\t\t\t\t\t\t<img decoding=\"async\" width=\"1024\" height=\"576\" src=\"https:\/\/lourdesmb.be\/wp-content\/uploads\/2022\/08\/pele_lourdes-1024x576.jpg\" class=\"attachment-large size-large wp-image-866\" alt=\"\" srcset=\"https:\/\/lourdesmb.be\/wp-content\/uploads\/2022\/08\/pele_lourdes-1024x576.jpg 1024w, https:\/\/lourdesmb.be\/wp-content\/uploads\/2022\/08\/pele_lourdes-300x169.jpg 300w, https:\/\/lourdesmb.be\/wp-content\/uploads\/2022\/08\/pele_lourdes-768x432.jpg 768w, https:\/\/lourdesmb.be\/wp-content\/uploads\/2022\/08\/pele_lourdes.jpg 1189w\" sizes=\"(max-width: 1024px) 100vw, 1024px\" \/>\t\t\t\t\t\t\t\t\t\t\t\t\t\t\t<\/div>\n\t\t\t\t<\/div>\n\t\t\t\t\t<\/div>\n\t\t<\/div>\n\t\t\t\t\t<\/div>\n\t\t<\/section>\n\t\t\t\t<\/div>\n\t\t","protected":false},"excerpt":{"rendered":"<p>Wat doen wij? Onze missie Al meer dan 60 jaar organiseert het bisdom Mechelen-Brussel jaarlijks bedevaarten naar Lourdes: op Pinksteren en op O.L.V.-Hemelvaart. Op Pinksteren telt de groep een dertigtal mensen, die per vliegtuig reizen; zij worden door 3 priesters begeleid. Daarentegen, bestaat de groep bedevaar-ders op O.L.V.-Hemelvaart uit 400 mensen, die naar keuze met [&hellip;]<\/p>\n","protected":false},"author":1,"featured_media":0,"parent":0,"menu_order":0,"comment_status":"closed","ping_status":"closed","template":"","meta":{"site-sidebar-layout":"no-sidebar","site-content-layout":"page-builder","ast-site-content-layout":"default","site-content-style":"default","site-sidebar-style":"default","ast-global-header-display":"","ast-banner-title-visibility":"","ast-main-header-display":"","ast-hfb-above-header-display":"","ast-hfb-below-header-display":"","ast-hfb-mobile-header-display":"","site-post-title":"disabled","ast-breadcrumbs-content":"","ast-featured-img":"disabled","footer-sml-layout":"","ast-disable-related-posts":"","theme-transparent-header-meta":"enabled","adv-header-id-meta":"","stick-header-meta":"","header-above-stick-meta":"","header-main-stick-meta":"","header-below-stick-meta":"","astra-migrate-meta-layouts":"default","ast-page-background-enabled":"default","ast-page-background-meta":{"desktop":{"background-color":"var(--ast-global-color-4)","background-image":"","background-repeat":"repeat","background-position":"center center","background-size":"auto","background-attachment":"scroll","background-type":"","background-media":"","overlay-type":"","overlay-color":"","overlay-opacity":"","overlay-gradient":""},"tablet":{"background-color":"","background-image":"","background-repeat":"repeat","background-position":"center center","background-size":"auto","background-attachment":"scroll","background-type":"","background-media":"","overlay-type":"","overlay-color":"","overlay-opacity":"","overlay-gradient":""},"mobile":{"background-color":"","background-image":"","background-repeat":"repeat","background-position":"center center","background-size":"auto","background-attachment":"scroll","background-type":"","background-media":"","overlay-type":"","overlay-color":"","overlay-opacity":"","overlay-gradient":""}},"ast-content-background-meta":{"desktop":{"background-color":"var(--ast-global-color-5)","background-image":"","background-repeat":"repeat","background-position":"center center","background-size":"auto","background-attachment":"scroll","background-type":"","background-media":"","overlay-type":"","overlay-color":"","overlay-opacity":"","overlay-gradient":""},"tablet":{"background-color":"var(--ast-global-color-5)","background-image":"","background-repeat":"repeat","background-position":"center center","background-size":"auto","background-attachment":"scroll","background-type":"","background-media":"","overlay-type":"","overlay-color":"","overlay-opacity":"","overlay-gradient":""},"mobile":{"background-color":"var(--ast-global-color-5)","background-image":"","background-repeat":"repeat","background-position":"center center","background-size":"auto","background-attachment":"scroll","background-type":"","background-media":"","overlay-type":"","overlay-color":"","overlay-opacity":"","overlay-gradient":""}},"ngg_post_thumbnail":0,"footnotes":""},"class_list":["post-951","page","type-page","status-publish","hentry"],"yoast_head":"<!-- This site is optimized with the Yoast SEO plugin v27.3 - https:\/\/yoast.com\/product\/yoast-seo-wordpress\/ -->\n<title>Wat doen wij - P\u00e8lerinage de Lourdes<\/title>\n<meta name=\"robots\" content=\"index, follow, max-snippet:-1, max-image-preview:large, max-video-preview:-1\" \/>\n<link rel=\"canonical\" href=\"https:\/\/lourdesmb.be\/nl\/wat-doen-wij\/\" \/>\n<meta property=\"og:locale\" content=\"nl_NL\" \/>\n<meta property=\"og:type\" content=\"article\" \/>\n<meta property=\"og:title\" content=\"Wat doen wij - P\u00e8lerinage de Lourdes\" \/>\n<meta property=\"og:description\" content=\"Wat doen wij? Onze missie Al meer dan 60 jaar organiseert het bisdom Mechelen-Brussel jaarlijks bedevaarten naar Lourdes: op Pinksteren en op O.L.V.-Hemelvaart. Op Pinksteren telt de groep een dertigtal mensen, die per vliegtuig reizen; zij worden door 3 priesters begeleid. Daarentegen, bestaat de groep bedevaar-ders op O.L.V.-Hemelvaart uit 400 mensen, die naar keuze met [&hellip;]\" \/>\n<meta property=\"og:url\" content=\"https:\/\/lourdesmb.be\/nl\/wat-doen-wij\/\" \/>\n<meta property=\"og:site_name\" content=\"P\u00e8lerinage de Lourdes\" \/>\n<meta property=\"article:modified_time\" content=\"2024-04-03T17:38:38+00:00\" \/>\n<meta property=\"og:image\" content=\"https:\/\/lourdesmb.be\/wp-content\/uploads\/2022\/10\/Capture-decran-2022-10-05-a-21.16.26.png\" \/>\n<meta name=\"twitter:card\" content=\"summary_large_image\" \/>\n<meta name=\"twitter:label1\" content=\"Geschatte leestijd\" \/>\n\t<meta name=\"twitter:data1\" content=\"2 minuten\" \/>\n<script type=\"application\/ld+json\" class=\"yoast-schema-graph\">{\"@context\":\"https:\\\/\\\/schema.org\",\"@graph\":[{\"@type\":\"WebPage\",\"@id\":\"https:\\\/\\\/lourdesmb.be\\\/nl\\\/wat-doen-wij\\\/\",\"url\":\"https:\\\/\\\/lourdesmb.be\\\/nl\\\/wat-doen-wij\\\/\",\"name\":\"Wat doen wij - P\u00e8lerinage de Lourdes\",\"isPartOf\":{\"@id\":\"https:\\\/\\\/lourdesmb.be\\\/nl\\\/#website\"},\"primaryImageOfPage\":{\"@id\":\"https:\\\/\\\/lourdesmb.be\\\/nl\\\/wat-doen-wij\\\/#primaryimage\"},\"image\":{\"@id\":\"https:\\\/\\\/lourdesmb.be\\\/nl\\\/wat-doen-wij\\\/#primaryimage\"},\"thumbnailUrl\":\"https:\\\/\\\/lourdesmb.be\\\/wp-content\\\/uploads\\\/2022\\\/10\\\/Capture-decran-2022-10-05-a-21.16.26.png\",\"datePublished\":\"2018-11-27T08:17:08+00:00\",\"dateModified\":\"2024-04-03T17:38:38+00:00\",\"breadcrumb\":{\"@id\":\"https:\\\/\\\/lourdesmb.be\\\/nl\\\/wat-doen-wij\\\/#breadcrumb\"},\"inLanguage\":\"nl-NL\",\"potentialAction\":[{\"@type\":\"ReadAction\",\"target\":[\"https:\\\/\\\/lourdesmb.be\\\/nl\\\/wat-doen-wij\\\/\"]}]},{\"@type\":\"ImageObject\",\"inLanguage\":\"nl-NL\",\"@id\":\"https:\\\/\\\/lourdesmb.be\\\/nl\\\/wat-doen-wij\\\/#primaryimage\",\"url\":\"https:\\\/\\\/lourdesmb.be\\\/wp-content\\\/uploads\\\/2022\\\/10\\\/Capture-decran-2022-10-05-a-21.16.26.png\",\"contentUrl\":\"https:\\\/\\\/lourdesmb.be\\\/wp-content\\\/uploads\\\/2022\\\/10\\\/Capture-decran-2022-10-05-a-21.16.26.png\"},{\"@type\":\"BreadcrumbList\",\"@id\":\"https:\\\/\\\/lourdesmb.be\\\/nl\\\/wat-doen-wij\\\/#breadcrumb\",\"itemListElement\":[{\"@type\":\"ListItem\",\"position\":1,\"name\":\"Accueil\",\"item\":\"https:\\\/\\\/lourdesmb.be\\\/nl\\\/\"},{\"@type\":\"ListItem\",\"position\":2,\"name\":\"Wat doen wij\"}]},{\"@type\":\"WebSite\",\"@id\":\"https:\\\/\\\/lourdesmb.be\\\/nl\\\/#website\",\"url\":\"https:\\\/\\\/lourdesmb.be\\\/nl\\\/\",\"name\":\"P\u00e8lerinage de Lourdes\",\"description\":\"R\u00e9alisez votre v\u0153u, votre souhait d\u2019aller \u00e0 Lourdes en p\u00e8lerinage\",\"publisher\":{\"@id\":\"https:\\\/\\\/lourdesmb.be\\\/nl\\\/#organization\"},\"potentialAction\":[{\"@type\":\"SearchAction\",\"target\":{\"@type\":\"EntryPoint\",\"urlTemplate\":\"https:\\\/\\\/lourdesmb.be\\\/nl\\\/?s={search_term_string}\"},\"query-input\":{\"@type\":\"PropertyValueSpecification\",\"valueRequired\":true,\"valueName\":\"search_term_string\"}}],\"inLanguage\":\"nl-NL\"},{\"@type\":\"Organization\",\"@id\":\"https:\\\/\\\/lourdesmb.be\\\/nl\\\/#organization\",\"name\":\"P\u00e8lerinage de Lourdes\",\"url\":\"https:\\\/\\\/lourdesmb.be\\\/nl\\\/\",\"logo\":{\"@type\":\"ImageObject\",\"inLanguage\":\"nl-NL\",\"@id\":\"https:\\\/\\\/lourdesmb.be\\\/nl\\\/#\\\/schema\\\/logo\\\/image\\\/\",\"url\":\"https:\\\/\\\/lourdesmb.be\\\/wp-content\\\/uploads\\\/2022\\\/08\\\/logo_.png\",\"contentUrl\":\"https:\\\/\\\/lourdesmb.be\\\/wp-content\\\/uploads\\\/2022\\\/08\\\/logo_.png\",\"width\":100,\"height\":99,\"caption\":\"P\u00e8lerinage de Lourdes\"},\"image\":{\"@id\":\"https:\\\/\\\/lourdesmb.be\\\/nl\\\/#\\\/schema\\\/logo\\\/image\\\/\"}}]}<\/script>\n<!-- \/ Yoast SEO plugin. -->","yoast_head_json":{"title":"Wat doen wij - P\u00e8lerinage de Lourdes","robots":{"index":"index","follow":"follow","max-snippet":"max-snippet:-1","max-image-preview":"max-image-preview:large","max-video-preview":"max-video-preview:-1"},"canonical":"https:\/\/lourdesmb.be\/nl\/wat-doen-wij\/","og_locale":"nl_NL","og_type":"article","og_title":"Wat doen wij - P\u00e8lerinage de Lourdes","og_description":"Wat doen wij? Onze missie Al meer dan 60 jaar organiseert het bisdom Mechelen-Brussel jaarlijks bedevaarten naar Lourdes: op Pinksteren en op O.L.V.-Hemelvaart. Op Pinksteren telt de groep een dertigtal mensen, die per vliegtuig reizen; zij worden door 3 priesters begeleid. Daarentegen, bestaat de groep bedevaar-ders op O.L.V.-Hemelvaart uit 400 mensen, die naar keuze met [&hellip;]","og_url":"https:\/\/lourdesmb.be\/nl\/wat-doen-wij\/","og_site_name":"P\u00e8lerinage de Lourdes","article_modified_time":"2024-04-03T17:38:38+00:00","og_image":[{"url":"https:\/\/lourdesmb.be\/wp-content\/uploads\/2022\/10\/Capture-decran-2022-10-05-a-21.16.26.png","type":"","width":"","height":""}],"twitter_card":"summary_large_image","twitter_misc":{"Geschatte leestijd":"2 minuten"},"schema":{"@context":"https:\/\/schema.org","@graph":[{"@type":"WebPage","@id":"https:\/\/lourdesmb.be\/nl\/wat-doen-wij\/","url":"https:\/\/lourdesmb.be\/nl\/wat-doen-wij\/","name":"Wat doen wij - P\u00e8lerinage de Lourdes","isPartOf":{"@id":"https:\/\/lourdesmb.be\/nl\/#website"},"primaryImageOfPage":{"@id":"https:\/\/lourdesmb.be\/nl\/wat-doen-wij\/#primaryimage"},"image":{"@id":"https:\/\/lourdesmb.be\/nl\/wat-doen-wij\/#primaryimage"},"thumbnailUrl":"https:\/\/lourdesmb.be\/wp-content\/uploads\/2022\/10\/Capture-decran-2022-10-05-a-21.16.26.png","datePublished":"2018-11-27T08:17:08+00:00","dateModified":"2024-04-03T17:38:38+00:00","breadcrumb":{"@id":"https:\/\/lourdesmb.be\/nl\/wat-doen-wij\/#breadcrumb"},"inLanguage":"nl-NL","potentialAction":[{"@type":"ReadAction","target":["https:\/\/lourdesmb.be\/nl\/wat-doen-wij\/"]}]},{"@type":"ImageObject","inLanguage":"nl-NL","@id":"https:\/\/lourdesmb.be\/nl\/wat-doen-wij\/#primaryimage","url":"https:\/\/lourdesmb.be\/wp-content\/uploads\/2022\/10\/Capture-decran-2022-10-05-a-21.16.26.png","contentUrl":"https:\/\/lourdesmb.be\/wp-content\/uploads\/2022\/10\/Capture-decran-2022-10-05-a-21.16.26.png"},{"@type":"BreadcrumbList","@id":"https:\/\/lourdesmb.be\/nl\/wat-doen-wij\/#breadcrumb","itemListElement":[{"@type":"ListItem","position":1,"name":"Accueil","item":"https:\/\/lourdesmb.be\/nl\/"},{"@type":"ListItem","position":2,"name":"Wat doen wij"}]},{"@type":"WebSite","@id":"https:\/\/lourdesmb.be\/nl\/#website","url":"https:\/\/lourdesmb.be\/nl\/","name":"P\u00e8lerinage de Lourdes","description":"R\u00e9alisez votre v\u0153u, votre souhait d\u2019aller \u00e0 Lourdes en p\u00e8lerinage","publisher":{"@id":"https:\/\/lourdesmb.be\/nl\/#organization"},"potentialAction":[{"@type":"SearchAction","target":{"@type":"EntryPoint","urlTemplate":"https:\/\/lourdesmb.be\/nl\/?s={search_term_string}"},"query-input":{"@type":"PropertyValueSpecification","valueRequired":true,"valueName":"search_term_string"}}],"inLanguage":"nl-NL"},{"@type":"Organization","@id":"https:\/\/lourdesmb.be\/nl\/#organization","name":"P\u00e8lerinage de Lourdes","url":"https:\/\/lourdesmb.be\/nl\/","logo":{"@type":"ImageObject","inLanguage":"nl-NL","@id":"https:\/\/lourdesmb.be\/nl\/#\/schema\/logo\/image\/","url":"https:\/\/lourdesmb.be\/wp-content\/uploads\/2022\/08\/logo_.png","contentUrl":"https:\/\/lourdesmb.be\/wp-content\/uploads\/2022\/08\/logo_.png","width":100,"height":99,"caption":"P\u00e8lerinage de Lourdes"},"image":{"@id":"https:\/\/lourdesmb.be\/nl\/#\/schema\/logo\/image\/"}}]}},"_links":{"self":[{"href":"https:\/\/lourdesmb.be\/nl\/wp-json\/wp\/v2\/pages\/951","targetHints":{"allow":["GET"]}}],"collection":[{"href":"https:\/\/lourdesmb.be\/nl\/wp-json\/wp\/v2\/pages"}],"about":[{"href":"https:\/\/lourdesmb.be\/nl\/wp-json\/wp\/v2\/types\/page"}],"author":[{"embeddable":true,"href":"https:\/\/lourdesmb.be\/nl\/wp-json\/wp\/v2\/users\/1"}],"replies":[{"embeddable":true,"href":"https:\/\/lourdesmb.be\/nl\/wp-json\/wp\/v2\/comments?post=951"}],"version-history":[{"count":17,"href":"https:\/\/lourdesmb.be\/nl\/wp-json\/wp\/v2\/pages\/951\/revisions"}],"predecessor-version":[{"id":1997,"href":"https:\/\/lourdesmb.be\/nl\/wp-json\/wp\/v2\/pages\/951\/revisions\/1997"}],"wp:attachment":[{"href":"https:\/\/lourdesmb.be\/nl\/wp-json\/wp\/v2\/media?parent=951"}],"curies":[{"name":"wp","href":"https:\/\/api.w.org\/{rel}","templated":true}]}}