{"id":2854,"date":"2026-02-24T21:47:15","date_gmt":"2026-02-24T20:47:15","guid":{"rendered":"https:\/\/lourdesmb.be\/?page_id=2854"},"modified":"2026-02-24T22:16:38","modified_gmt":"2026-02-24T21:16:38","slug":"gift","status":"publish","type":"page","link":"https:\/\/lourdesmb.be\/nl\/gift\/","title":{"rendered":"Gift"},"content":{"rendered":"\t\t<div data-elementor-type=\"wp-page\" data-elementor-id=\"2854\" class=\"elementor elementor-2854\">\n\t\t\t\t\t\t<section class=\"elementor-section elementor-top-section elementor-element elementor-element-9570ac8 elementor-section-boxed elementor-section-height-default elementor-section-height-default\" data-id=\"9570ac8\" data-element_type=\"section\" data-e-type=\"section\" data-settings=\"{&quot;background_background&quot;:&quot;classic&quot;}\">\n\t\t\t\t\t\t<div class=\"elementor-container elementor-column-gap-default\">\n\t\t\t\t\t<div class=\"elementor-column elementor-col-100 elementor-top-column elementor-element elementor-element-5b25b88\" data-id=\"5b25b88\" data-element_type=\"column\" data-e-type=\"column\">\n\t\t\t<div class=\"elementor-widget-wrap\">\n\t\t\t\t\t\t\t<\/div>\n\t\t<\/div>\n\t\t\t\t\t<\/div>\n\t\t<\/section>\n\t\t\t\t<section class=\"elementor-section elementor-top-section elementor-element elementor-element-6064bb6 elementor-section-boxed elementor-section-height-default elementor-section-height-default\" data-id=\"6064bb6\" data-element_type=\"section\" data-e-type=\"section\">\n\t\t\t\t\t\t<div class=\"elementor-container elementor-column-gap-default\">\n\t\t\t\t\t<div class=\"elementor-column elementor-col-100 elementor-top-column elementor-element elementor-element-f2edb64\" data-id=\"f2edb64\" data-element_type=\"column\" data-e-type=\"column\">\n\t\t\t<div class=\"elementor-widget-wrap elementor-element-populated\">\n\t\t\t\t\t\t<div class=\"elementor-element elementor-element-c2d3a62 elementor-widget elementor-widget-heading\" data-id=\"c2d3a62\" data-element_type=\"widget\" data-e-type=\"widget\" data-widget_type=\"heading.default\">\n\t\t\t\t<div class=\"elementor-widget-container\">\n\t\t\t\t\t<h2 class=\"elementor-heading-title elementor-size-default\">Doe een gift<\/h2>\t\t\t\t<\/div>\n\t\t\t\t<\/div>\n\t\t\t\t<div class=\"elementor-element elementor-element-6f74988 elementor-widget elementor-widget-text-editor\" data-id=\"6f74988\" data-element_type=\"widget\" data-e-type=\"widget\" data-widget_type=\"text-editor.default\">\n\t\t\t\t<div class=\"elementor-widget-container\">\n\t\t\t\t\t\t\t\t\t<p style=\"text-align: center;\"><strong>Maak het voor mensen die in moeilijke omstandigheden leven, mogelijk om mee naar Lourdes te gaan. Dankzij uw gift zullen zij een tijd beleven van vrede, broederschap en spiritualiteit.<\/strong><\/p>\t\t\t\t\t\t\t\t<\/div>\n\t\t\t\t<\/div>\n\t\t\t\t\t<\/div>\n\t\t<\/div>\n\t\t\t\t\t<\/div>\n\t\t<\/section>\n\t\t\t\t<section class=\"elementor-section elementor-top-section elementor-element elementor-element-d7d6872 elementor-section-boxed elementor-section-height-default elementor-section-height-default\" data-id=\"d7d6872\" data-element_type=\"section\" data-e-type=\"section\">\n\t\t\t\t\t\t<div class=\"elementor-container elementor-column-gap-default\">\n\t\t\t\t\t<div class=\"elementor-column elementor-col-50 elementor-top-column elementor-element elementor-element-2ac9807\" data-id=\"2ac9807\" data-element_type=\"column\" data-e-type=\"column\">\n\t\t\t<div class=\"elementor-widget-wrap elementor-element-populated\">\n\t\t\t\t\t\t<div class=\"elementor-element elementor-element-30005e2 elementor-widget elementor-widget-text-editor\" data-id=\"30005e2\" data-element_type=\"widget\" data-e-type=\"widget\" data-widget_type=\"text-editor.default\">\n\t\t\t\t<div class=\"elementor-widget-container\">\n\t\t\t\t\t\t\t\t\t<p style=\"text-align: center;\"><strong>Bedankt voor uw vrijgevigheid !\u00a0<\/strong><\/p><p style=\"text-align: center;\">Doe een gift en stort uw bijdrage op rekening <br \/><strong>BE69 4397 1322 0178<\/strong> <br \/>op naam van <br \/><strong>vzw Aartsbisdom Mechelen-Brussel<\/strong> <br \/>met mededeling: <br \/><strong>Gift Solidariteit Lourdes 2026<\/strong><\/p><p style=\"text-align: center;\">Dank u wel !<\/p>\t\t\t\t\t\t\t\t<\/div>\n\t\t\t\t<\/div>\n\t\t\t\t\t<\/div>\n\t\t<\/div>\n\t\t\t\t<div class=\"elementor-column elementor-col-50 elementor-top-column elementor-element elementor-element-18f8830\" data-id=\"18f8830\" data-element_type=\"column\" data-e-type=\"column\">\n\t\t\t<div class=\"elementor-widget-wrap elementor-element-populated\">\n\t\t\t\t\t\t<div class=\"elementor-element elementor-element-a255f96 elementor-widget elementor-widget-text-editor\" data-id=\"a255f96\" data-element_type=\"widget\" data-e-type=\"widget\" data-widget_type=\"text-editor.default\">\n\t\t\t\t<div class=\"elementor-widget-container\">\n\t\t\t\t\t\t\t\t\t<p style=\"text-align: center;\">SCAN HIER MET JE BANK-APP<\/p>\t\t\t\t\t\t\t\t<\/div>\n\t\t\t\t<\/div>\n\t\t\t\t<div class=\"elementor-element elementor-element-fccddde elementor-widget elementor-widget-image\" data-id=\"fccddde\" data-element_type=\"widget\" data-e-type=\"widget\" data-widget_type=\"image.default\">\n\t\t\t\t<div class=\"elementor-widget-container\">\n\t\t\t\t\t\t\t\t\t\t\t\t\t\t\t<img decoding=\"async\" width=\"150\" height=\"150\" src=\"https:\/\/lourdesmb.be\/wp-content\/uploads\/2026\/02\/QR_Dons-150x150.png\" class=\"attachment-thumbnail size-thumbnail wp-image-2828\" alt=\"\" \/>\t\t\t\t\t\t\t\t\t\t\t\t\t\t\t<\/div>\n\t\t\t\t<\/div>\n\t\t\t\t\t<\/div>\n\t\t<\/div>\n\t\t\t\t\t<\/div>\n\t\t<\/section>\n\t\t\t\t<\/div>\n\t\t","protected":false},"excerpt":{"rendered":"<p>Doe een gift Maak het voor mensen die in moeilijke omstandigheden leven, mogelijk om mee naar Lourdes te gaan. Dankzij uw gift zullen zij een tijd beleven van vrede, broederschap en spiritualiteit. Bedankt voor uw vrijgevigheid !\u00a0 Doe een gift en stort uw bijdrage op rekening BE69 4397 1322 0178 op naam van vzw Aartsbisdom [&hellip;]<\/p>\n","protected":false},"author":1,"featured_media":0,"parent":0,"menu_order":0,"comment_status":"closed","ping_status":"closed","template":"","meta":{"site-sidebar-layout":"no-sidebar","site-content-layout":"page-builder","ast-site-content-layout":"full-width-container","site-content-style":"default","site-sidebar-style":"default","ast-global-header-display":"","ast-banner-title-visibility":"","ast-main-header-display":"","ast-hfb-above-header-display":"","ast-hfb-below-header-display":"","ast-hfb-mobile-header-display":"","site-post-title":"","ast-breadcrumbs-content":"","ast-featured-img":"disabled","footer-sml-layout":"","ast-disable-related-posts":"","theme-transparent-header-meta":"","adv-header-id-meta":"","stick-header-meta":"","header-above-stick-meta":"","header-main-stick-meta":"","header-below-stick-meta":"","astra-migrate-meta-layouts":"set","ast-page-background-enabled":"default","ast-page-background-meta":{"desktop":{"background-color":"var(--ast-global-color-4)","background-image":"","background-repeat":"repeat","background-position":"center center","background-size":"auto","background-attachment":"scroll","background-type":"","background-media":"","overlay-type":"","overlay-color":"","overlay-opacity":"","overlay-gradient":""},"tablet":{"background-color":"","background-image":"","background-repeat":"repeat","background-position":"center center","background-size":"auto","background-attachment":"scroll","background-type":"","background-media":"","overlay-type":"","overlay-color":"","overlay-opacity":"","overlay-gradient":""},"mobile":{"background-color":"","background-image":"","background-repeat":"repeat","background-position":"center center","background-size":"auto","background-attachment":"scroll","background-type":"","background-media":"","overlay-type":"","overlay-color":"","overlay-opacity":"","overlay-gradient":""}},"ast-content-background-meta":{"desktop":{"background-color":"var(--ast-global-color-5)","background-image":"","background-repeat":"repeat","background-position":"center center","background-size":"auto","background-attachment":"scroll","background-type":"","background-media":"","overlay-type":"","overlay-color":"","overlay-opacity":"","overlay-gradient":""},"tablet":{"background-color":"var(--ast-global-color-5)","background-image":"","background-repeat":"repeat","background-position":"center center","background-size":"auto","background-attachment":"scroll","background-type":"","background-media":"","overlay-type":"","overlay-color":"","overlay-opacity":"","overlay-gradient":""},"mobile":{"background-color":"var(--ast-global-color-5)","background-image":"","background-repeat":"repeat","background-position":"center center","background-size":"auto","background-attachment":"scroll","background-type":"","background-media":"","overlay-type":"","overlay-color":"","overlay-opacity":"","overlay-gradient":""}},"ngg_post_thumbnail":0,"footnotes":""},"class_list":["post-2854","page","type-page","status-publish","hentry"],"yoast_head":"<!-- This site is optimized with the Yoast SEO plugin v27.3 - https:\/\/yoast.com\/product\/yoast-seo-wordpress\/ -->\n<title>Gift - P\u00e8lerinage de Lourdes<\/title>\n<meta name=\"robots\" content=\"index, follow, max-snippet:-1, max-image-preview:large, max-video-preview:-1\" \/>\n<link rel=\"canonical\" href=\"https:\/\/lourdesmb.be\/nl\/gift\/\" \/>\n<meta property=\"og:locale\" content=\"nl_NL\" \/>\n<meta property=\"og:type\" content=\"article\" \/>\n<meta property=\"og:title\" content=\"Gift - P\u00e8lerinage de Lourdes\" \/>\n<meta property=\"og:description\" content=\"Doe een gift Maak het voor mensen die in moeilijke omstandigheden leven, mogelijk om mee naar Lourdes te gaan. Dankzij uw gift zullen zij een tijd beleven van vrede, broederschap en spiritualiteit. Bedankt voor uw vrijgevigheid !\u00a0 Doe een gift en stort uw bijdrage op rekening BE69 4397 1322 0178 op naam van vzw Aartsbisdom [&hellip;]\" \/>\n<meta property=\"og:url\" content=\"https:\/\/lourdesmb.be\/nl\/gift\/\" \/>\n<meta property=\"og:site_name\" content=\"P\u00e8lerinage de Lourdes\" \/>\n<meta property=\"article:modified_time\" content=\"2026-02-24T21:16:38+00:00\" \/>\n<meta property=\"og:image\" content=\"https:\/\/lourdesmb.be\/wp-content\/uploads\/2026\/02\/QR_Dons.png\" \/>\n\t<meta property=\"og:image:width\" content=\"778\" \/>\n\t<meta property=\"og:image:height\" content=\"794\" \/>\n\t<meta property=\"og:image:type\" content=\"image\/png\" \/>\n<meta name=\"twitter:card\" content=\"summary_large_image\" \/>\n<meta name=\"twitter:label1\" content=\"Geschatte leestijd\" \/>\n\t<meta name=\"twitter:data1\" content=\"1 minuut\" \/>\n<script type=\"application\/ld+json\" class=\"yoast-schema-graph\">{\"@context\":\"https:\\\/\\\/schema.org\",\"@graph\":[{\"@type\":\"WebPage\",\"@id\":\"https:\\\/\\\/lourdesmb.be\\\/nl\\\/gift\\\/\",\"url\":\"https:\\\/\\\/lourdesmb.be\\\/nl\\\/gift\\\/\",\"name\":\"Gift - P\u00e8lerinage de Lourdes\",\"isPartOf\":{\"@id\":\"https:\\\/\\\/lourdesmb.be\\\/nl\\\/#website\"},\"primaryImageOfPage\":{\"@id\":\"https:\\\/\\\/lourdesmb.be\\\/nl\\\/gift\\\/#primaryimage\"},\"image\":{\"@id\":\"https:\\\/\\\/lourdesmb.be\\\/nl\\\/gift\\\/#primaryimage\"},\"thumbnailUrl\":\"https:\\\/\\\/lourdesmb.be\\\/wp-content\\\/uploads\\\/2026\\\/02\\\/QR_Dons-150x150.png\",\"datePublished\":\"2026-02-24T20:47:15+00:00\",\"dateModified\":\"2026-02-24T21:16:38+00:00\",\"breadcrumb\":{\"@id\":\"https:\\\/\\\/lourdesmb.be\\\/nl\\\/gift\\\/#breadcrumb\"},\"inLanguage\":\"nl-NL\",\"potentialAction\":[{\"@type\":\"ReadAction\",\"target\":[\"https:\\\/\\\/lourdesmb.be\\\/nl\\\/gift\\\/\"]}]},{\"@type\":\"ImageObject\",\"inLanguage\":\"nl-NL\",\"@id\":\"https:\\\/\\\/lourdesmb.be\\\/nl\\\/gift\\\/#primaryimage\",\"url\":\"https:\\\/\\\/lourdesmb.be\\\/wp-content\\\/uploads\\\/2026\\\/02\\\/QR_Dons-150x150.png\",\"contentUrl\":\"https:\\\/\\\/lourdesmb.be\\\/wp-content\\\/uploads\\\/2026\\\/02\\\/QR_Dons-150x150.png\"},{\"@type\":\"BreadcrumbList\",\"@id\":\"https:\\\/\\\/lourdesmb.be\\\/nl\\\/gift\\\/#breadcrumb\",\"itemListElement\":[{\"@type\":\"ListItem\",\"position\":1,\"name\":\"Accueil\",\"item\":\"https:\\\/\\\/lourdesmb.be\\\/nl\\\/\"},{\"@type\":\"ListItem\",\"position\":2,\"name\":\"Gift\"}]},{\"@type\":\"WebSite\",\"@id\":\"https:\\\/\\\/lourdesmb.be\\\/nl\\\/#website\",\"url\":\"https:\\\/\\\/lourdesmb.be\\\/nl\\\/\",\"name\":\"P\u00e8lerinage de Lourdes\",\"description\":\"R\u00e9alisez votre v\u0153u, votre souhait d\u2019aller \u00e0 Lourdes en p\u00e8lerinage\",\"publisher\":{\"@id\":\"https:\\\/\\\/lourdesmb.be\\\/nl\\\/#organization\"},\"potentialAction\":[{\"@type\":\"SearchAction\",\"target\":{\"@type\":\"EntryPoint\",\"urlTemplate\":\"https:\\\/\\\/lourdesmb.be\\\/nl\\\/?s={search_term_string}\"},\"query-input\":{\"@type\":\"PropertyValueSpecification\",\"valueRequired\":true,\"valueName\":\"search_term_string\"}}],\"inLanguage\":\"nl-NL\"},{\"@type\":\"Organization\",\"@id\":\"https:\\\/\\\/lourdesmb.be\\\/nl\\\/#organization\",\"name\":\"P\u00e8lerinage de Lourdes\",\"url\":\"https:\\\/\\\/lourdesmb.be\\\/nl\\\/\",\"logo\":{\"@type\":\"ImageObject\",\"inLanguage\":\"nl-NL\",\"@id\":\"https:\\\/\\\/lourdesmb.be\\\/nl\\\/#\\\/schema\\\/logo\\\/image\\\/\",\"url\":\"https:\\\/\\\/lourdesmb.be\\\/wp-content\\\/uploads\\\/2022\\\/08\\\/logo_.png\",\"contentUrl\":\"https:\\\/\\\/lourdesmb.be\\\/wp-content\\\/uploads\\\/2022\\\/08\\\/logo_.png\",\"width\":100,\"height\":99,\"caption\":\"P\u00e8lerinage de Lourdes\"},\"image\":{\"@id\":\"https:\\\/\\\/lourdesmb.be\\\/nl\\\/#\\\/schema\\\/logo\\\/image\\\/\"}}]}<\/script>\n<!-- \/ Yoast SEO plugin. -->","yoast_head_json":{"title":"Gift - P\u00e8lerinage de Lourdes","robots":{"index":"index","follow":"follow","max-snippet":"max-snippet:-1","max-image-preview":"max-image-preview:large","max-video-preview":"max-video-preview:-1"},"canonical":"https:\/\/lourdesmb.be\/nl\/gift\/","og_locale":"nl_NL","og_type":"article","og_title":"Gift - P\u00e8lerinage de Lourdes","og_description":"Doe een gift Maak het voor mensen die in moeilijke omstandigheden leven, mogelijk om mee naar Lourdes te gaan. Dankzij uw gift zullen zij een tijd beleven van vrede, broederschap en spiritualiteit. Bedankt voor uw vrijgevigheid !\u00a0 Doe een gift en stort uw bijdrage op rekening BE69 4397 1322 0178 op naam van vzw Aartsbisdom [&hellip;]","og_url":"https:\/\/lourdesmb.be\/nl\/gift\/","og_site_name":"P\u00e8lerinage de Lourdes","article_modified_time":"2026-02-24T21:16:38+00:00","og_image":[{"width":778,"height":794,"url":"https:\/\/lourdesmb.be\/wp-content\/uploads\/2026\/02\/QR_Dons.png","type":"image\/png"}],"twitter_card":"summary_large_image","twitter_misc":{"Geschatte leestijd":"1 minuut"},"schema":{"@context":"https:\/\/schema.org","@graph":[{"@type":"WebPage","@id":"https:\/\/lourdesmb.be\/nl\/gift\/","url":"https:\/\/lourdesmb.be\/nl\/gift\/","name":"Gift - P\u00e8lerinage de Lourdes","isPartOf":{"@id":"https:\/\/lourdesmb.be\/nl\/#website"},"primaryImageOfPage":{"@id":"https:\/\/lourdesmb.be\/nl\/gift\/#primaryimage"},"image":{"@id":"https:\/\/lourdesmb.be\/nl\/gift\/#primaryimage"},"thumbnailUrl":"https:\/\/lourdesmb.be\/wp-content\/uploads\/2026\/02\/QR_Dons-150x150.png","datePublished":"2026-02-24T20:47:15+00:00","dateModified":"2026-02-24T21:16:38+00:00","breadcrumb":{"@id":"https:\/\/lourdesmb.be\/nl\/gift\/#breadcrumb"},"inLanguage":"nl-NL","potentialAction":[{"@type":"ReadAction","target":["https:\/\/lourdesmb.be\/nl\/gift\/"]}]},{"@type":"ImageObject","inLanguage":"nl-NL","@id":"https:\/\/lourdesmb.be\/nl\/gift\/#primaryimage","url":"https:\/\/lourdesmb.be\/wp-content\/uploads\/2026\/02\/QR_Dons-150x150.png","contentUrl":"https:\/\/lourdesmb.be\/wp-content\/uploads\/2026\/02\/QR_Dons-150x150.png"},{"@type":"BreadcrumbList","@id":"https:\/\/lourdesmb.be\/nl\/gift\/#breadcrumb","itemListElement":[{"@type":"ListItem","position":1,"name":"Accueil","item":"https:\/\/lourdesmb.be\/nl\/"},{"@type":"ListItem","position":2,"name":"Gift"}]},{"@type":"WebSite","@id":"https:\/\/lourdesmb.be\/nl\/#website","url":"https:\/\/lourdesmb.be\/nl\/","name":"P\u00e8lerinage de Lourdes","description":"R\u00e9alisez votre v\u0153u, votre souhait d\u2019aller \u00e0 Lourdes en p\u00e8lerinage","publisher":{"@id":"https:\/\/lourdesmb.be\/nl\/#organization"},"potentialAction":[{"@type":"SearchAction","target":{"@type":"EntryPoint","urlTemplate":"https:\/\/lourdesmb.be\/nl\/?s={search_term_string}"},"query-input":{"@type":"PropertyValueSpecification","valueRequired":true,"valueName":"search_term_string"}}],"inLanguage":"nl-NL"},{"@type":"Organization","@id":"https:\/\/lourdesmb.be\/nl\/#organization","name":"P\u00e8lerinage de Lourdes","url":"https:\/\/lourdesmb.be\/nl\/","logo":{"@type":"ImageObject","inLanguage":"nl-NL","@id":"https:\/\/lourdesmb.be\/nl\/#\/schema\/logo\/image\/","url":"https:\/\/lourdesmb.be\/wp-content\/uploads\/2022\/08\/logo_.png","contentUrl":"https:\/\/lourdesmb.be\/wp-content\/uploads\/2022\/08\/logo_.png","width":100,"height":99,"caption":"P\u00e8lerinage de Lourdes"},"image":{"@id":"https:\/\/lourdesmb.be\/nl\/#\/schema\/logo\/image\/"}}]}},"_links":{"self":[{"href":"https:\/\/lourdesmb.be\/nl\/wp-json\/wp\/v2\/pages\/2854","targetHints":{"allow":["GET"]}}],"collection":[{"href":"https:\/\/lourdesmb.be\/nl\/wp-json\/wp\/v2\/pages"}],"about":[{"href":"https:\/\/lourdesmb.be\/nl\/wp-json\/wp\/v2\/types\/page"}],"author":[{"embeddable":true,"href":"https:\/\/lourdesmb.be\/nl\/wp-json\/wp\/v2\/users\/1"}],"replies":[{"embeddable":true,"href":"https:\/\/lourdesmb.be\/nl\/wp-json\/wp\/v2\/comments?post=2854"}],"version-history":[{"count":22,"href":"https:\/\/lourdesmb.be\/nl\/wp-json\/wp\/v2\/pages\/2854\/revisions"}],"predecessor-version":[{"id":2897,"href":"https:\/\/lourdesmb.be\/nl\/wp-json\/wp\/v2\/pages\/2854\/revisions\/2897"}],"wp:attachment":[{"href":"https:\/\/lourdesmb.be\/nl\/wp-json\/wp\/v2\/media?parent=2854"}],"curies":[{"name":"wp","href":"https:\/\/api.w.org\/{rel}","templated":true}]}}